{"id":33273,"date":"2021-06-02T14:44:52","date_gmt":"2021-06-02T18:44:52","guid":{"rendered":"https:\/\/canadianseacadetscholarships.ca\/test-program\/"},"modified":"2021-06-14T14:14:17","modified_gmt":"2021-06-14T18:14:17","slug":"irving-scholarship","status":"publish","type":"page","link":"https:\/\/canadianseacadetscholarships.ca\/fr\/irving-scholarship\/","title":{"rendered":"Irving Scholarship"},"content":{"rendered":"<p>[et_pb_section bb_built=\u00a0\u00bb1&Prime; _builder_version=\u00a0\u00bb3.19.9&Prime; next_background_color=\u00a0\u00bb#174169&Prime;][et_pb_row _builder_version=\u00a0\u00bb3.0.48&Prime; background_size=\u00a0\u00bbinitial\u00a0\u00bb background_position=\u00a0\u00bbtop_left\u00a0\u00bb background_repeat=\u00a0\u00bbrepeat\u00a0\u00bb][et_pb_column type=\u00a0\u00bb4_4&Prime;][et_pb_image src=\u00a0\u00bbhttps:\/\/canadianseacadetscholarships.ca\/wp-content\/uploads\/2019\/06\/ISI-Logo_CNS.jpg\u00a0\u00bb align=\u00a0\u00bbcenter\u00a0\u00bb force_fullwidth=\u00a0\u00bbon\u00a0\u00bb _builder_version=\u00a0\u00bb3.19.9&Prime;]<\/p>\n<p>[\/et_pb_image][et_pb_text _builder_version=\u00a0\u00bb3.19.9&Prime; inline_fonts=\u00a0\u00bbAntic Didone\u00a0\u00bb]<\/p>\n<h2 class=\"et_pb_module_header et-fb-editable-element et-fb-editable-element__editing\" contenteditable=\"true\" data-shortcode-id=\"4.0.1.0-1559776087481\" data-quickaccess-id=\"header\">Bourses dans la cadre de la Strat\u00e9gie nationale de construction navale<br \/>\n<span style=\"font-size: xx-large;\"><strong>\u00a0\u00a0<\/strong><\/span><\/h2>\n<p>Irving Shipbuilding d\u00e9bloque une enveloppe de 100\u2009000 $ en direction de la Fondation pour l\u2019\u00e9ducation des Cadets de la Marine royale canadienne pour des bourses destin\u00e9es aux cadets qui int\u00e8grent un programme \u00e0 vocation maritime. D\u00e8s lors qu\u2019elles concernent un programme admissible, toutes les candidatures d\u00e9pos\u00e9es aupr\u00e8s de la Fondation seront automatiquement prises en compte pour l\u2019octroi des bourses.<\/p>\n<p>&nbsp;<\/p>\n<p>[\/et_pb_text][et_pb_button button_url=\u00a0\u00bbhttps:\/\/canadianseacadetscholarships.ca\/fr\/how-to-apply\u00a0\u00bb button_text=\u00a0\u00bbPostuler aujourd&rsquo;hui\u00a0\u00bb button_alignment=\u00a0\u00bbcenter\u00a0\u00bb _builder_version=\u00a0\u00bb3.19.9&Prime; custom_button=\u00a0\u00bbon\u00a0\u00bb button_bg_color=\u00a0\u00bb#97332c\u00a0\u00bb button_border_width=\u00a0\u00bb1px\u00a0\u00bb background_layout=\u00a0\u00bbdark\u00a0\u00bb]<\/p>\n<p>[\/et_pb_button][\/et_pb_column][\/et_pb_row][et_pb_row use_custom_gutter=\u00a0\u00bbon\u00a0\u00bb gutter_width=\u00a0\u00bb2&Prime; custom_padding=\u00a0\u00bb16px||42px|25px|false|false\u00a0\u00bb custom_padding_tablet=\u00a0\u00bb|||0px\u00a0\u00bb column_padding_mobile=\u00a0\u00bbon\u00a0\u00bb custom_padding_last_edited=\u00a0\u00bbon|phone\u00a0\u00bb _builder_version=\u00a0\u00bb3.0.48&Prime; background_size=\u00a0\u00bbinitial\u00a0\u00bb background_position=\u00a0\u00bbtop_left\u00a0\u00bb background_repeat=\u00a0\u00bbrepeat\u00a0\u00bb][et_pb_column type=\u00a0\u00bb1_2&Prime;][et_pb_image src=\u00a0\u00bbhttps:\/\/canadianseacadetscholarships.ca\/wp-content\/uploads\/2019\/06\/Metal-Fab.jpg\u00a0\u00bb align=\u00a0\u00bbcenter\u00a0\u00bb _builder_version=\u00a0\u00bb3.19.9&Prime; max_width_last_edited=\u00a0\u00bboff|desktop\u00a0\u00bb animation_style=\u00a0\u00bbslide\u00a0\u00bb animation_direction=\u00a0\u00bbleft\u00a0\u00bb animation_duration=\u00a0\u00bb500ms\u00a0\u00bb animation_intensity_slide=\u00a0\u00bb10%\u00a0\u00bb animation=\u00a0\u00bbleft\u00a0\u00bb sticky=\u00a0\u00bboff\u00a0\u00bb use_border_color=\u00a0\u00bboff\u00a0\u00bb border_color=\u00a0\u00bb#ffffff\u00a0\u00bb border_style=\u00a0\u00bbsolid\u00a0\u00bb]<\/p>\n<p>[\/et_pb_image][\/et_pb_column][et_pb_column type=\u00a0\u00bb1_2&Prime;][et_pb_text _builder_version=\u00a0\u00bb3.19.9&Prime;]<\/p>\n<h2 class=\"et_pb_module_header et-fb-editable-element et-fb-editable-element__editing\" contenteditable=\"true\" data-shortcode-id=\"4.0.1.0-1559776087481\" data-quickaccess-id=\"header\">Une carri\u00e8re dans la construction navale<\/h2>\n<p><span style=\"font-size: 24px;\">Actuellement, un contingent de plus de 1\u2009900 personnes est \u00e0 pied d\u2019\u0153uvre pour construire des navires de patrouilles extrac\u00f4tiers et de l\u2019Arctique (NPEA) et mobilisera prochainement ses \u00e9nergies pour la construction de 15 navires de combat de surface pour la Marine royale canadienne. Dans les prochaines d\u00e9cennies, ce sont des milliers d\u2019emplois qui seront cr\u00e9\u00e9s dans diff\u00e9rents domaines connexes.<br \/>\n<\/span><\/p>\n<p>[\/et_pb_text][\/et_pb_column][\/et_pb_row][et_pb_row _builder_version=\u00a0\u00bb3.0.48&Prime; background_size=\u00a0\u00bbinitial\u00a0\u00bb background_position=\u00a0\u00bbtop_left\u00a0\u00bb background_repeat=\u00a0\u00bbrepeat\u00a0\u00bb][et_pb_column type=\u00a0\u00bb4_4&Prime;][et_pb_button button_url=\u00a0\u00bbhttp:\/\/shipsforcanada.ca\u00a0\u00bb button_text=\u00a0\u00bbMore Information on Ships for CanadaPlus d&rsquo;informations sur les navires pour le Canada\u00a0\u00bb button_alignment=\u00a0\u00bbcenter\u00a0\u00bb _builder_version=\u00a0\u00bb3.19.9&Prime; custom_button=\u00a0\u00bbon\u00a0\u00bb button_bg_color=\u00a0\u00bb#97332c\u00a0\u00bb button_border_width=\u00a0\u00bb1px\u00a0\u00bb button_border_radius=\u00a0\u00bb6px\u00a0\u00bb button_font=\u00a0\u00bb||||||||\u00a0\u00bb background_layout=\u00a0\u00bbdark\u00a0\u00bb]<\/p>\n<p>[\/et_pb_button][\/et_pb_column][\/et_pb_row][et_pb_row use_custom_gutter=\u00a0\u00bbon\u00a0\u00bb gutter_width=\u00a0\u00bb2&Prime; custom_padding=\u00a0\u00bb||0|25px|false|false\u00a0\u00bb custom_padding_tablet=\u00a0\u00bb|||0px\u00a0\u00bb column_padding_mobile=\u00a0\u00bbon\u00a0\u00bb custom_padding_last_edited=\u00a0\u00bbon|phone\u00a0\u00bb _builder_version=\u00a0\u00bb3.0.48&Prime; background_size=\u00a0\u00bbinitial\u00a0\u00bb background_position=\u00a0\u00bbtop_left\u00a0\u00bb background_repeat=\u00a0\u00bbrepeat\u00a0\u00bb][et_pb_column type=\u00a0\u00bb1_2&Prime;][et_pb_image src=\u00a0\u00bbhttps:\/\/canadianseacadetscholarships.ca\/wp-content\/uploads\/2019\/06\/Aerial-Compressed.jpg\u00a0\u00bb align=\u00a0\u00bbcenter\u00a0\u00bb _builder_version=\u00a0\u00bb3.19.9&Prime; max_width_last_edited=\u00a0\u00bboff|desktop\u00a0\u00bb animation_style=\u00a0\u00bbslide\u00a0\u00bb animation_direction=\u00a0\u00bbleft\u00a0\u00bb animation_duration=\u00a0\u00bb500ms\u00a0\u00bb animation_intensity_slide=\u00a0\u00bb10%\u00a0\u00bb animation=\u00a0\u00bbleft\u00a0\u00bb sticky=\u00a0\u00bboff\u00a0\u00bb use_border_color=\u00a0\u00bboff\u00a0\u00bb border_color=\u00a0\u00bb#ffffff\u00a0\u00bb border_style=\u00a0\u00bbsolid\u00a0\u00bb]<\/p>\n<p>[\/et_pb_image][\/et_pb_column][et_pb_column type=\u00a0\u00bb1_2&Prime;][et_pb_text _builder_version=\u00a0\u00bb3.19.9&Prime; locked=\u00a0\u00bboff\u00a0\u00bb custom_margin=\u00a0\u00bb0px|||0px\u00a0\u00bb custom_padding=\u00a0\u00bb|||0px\u00a0\u00bb]<\/p>\n<p>&nbsp;<\/p>\n<h2 class=\"et_pb_module_header et-fb-editable-element et-fb-editable-element__editing\" contenteditable=\"true\" data-shortcode-id=\"4.0.1.0-1559776087481\" data-quickaccess-id=\"header\">Quels sont les programmes \u00e0 vocation maritime?<\/h2>\n<ul>\n<li><span style=\"font-size: 24px;\">Architecture navale<\/span><\/li>\n<li><span style=\"font-size: 24px;\">G\u00e9nie : \u00e9lectrique, m\u00e9canique, syst\u00e8mes navals, etc.<\/span><\/li>\n<li><span style=\"font-size: 24px;\">Soudage, Chaudronnerie et Tuyauterie &amp;\u00a0<\/span><\/li>\n<li><span style=\"font-size: 24px;\">Technologie de navigation<\/span><\/li>\n<li><span style=\"font-size: 24px;\">Oc\u00e9anographie et biologie marine<\/span><\/li>\n<li><span style=\"font-size: 24px;\">\u00c9tudes maritimes<\/span><\/li>\n<li><span style=\"font-size: 24px;\">Et bien d\u2019autres!<\/span><\/li>\n<\/ul>\n<p>&nbsp;<\/p>\n<p>[\/et_pb_text][\/et_pb_column][\/et_pb_row][et_pb_row _builder_version=\u00a0\u00bb3.19.9&Prime;][et_pb_column type=\u00a0\u00bb4_4&Prime;][et_pb_text _builder_version=\u00a0\u00bb3.19.9&Prime;]<\/p>\n<p>Situ\u00e9e \u00e0 Halifax (Nouvelle-\u00c9cosse), Irving Shipbuilding Inc. a \u00e9t\u00e9 choisie en 2011 comme le constructeur naval national pour les navires de combat dans le cadre de la Strat\u00e9gie nationale de construction navale (SNCN). Cet engagement sur le long terme dans le domaine de la construction navale au Canada permet d\u2019investir dans une main d\u2019\u0153uvre forte et durable.<\/p>\n<p>Afin de renforcer le secteur naval et maritime canadien dans son ensemble, Irving Shipbuilding prend l\u2019engagement de r\u00e9investir 0,5\u2009% des recettes du contrat de la SNCN dans des projets industriels qui soutiennent la formation de la main-d\u2019\u0153uvre, la technologie et la commercialisation en vertu du programme de Proposition de valeur de la SNCN.<\/p>\n<p>[\/et_pb_text][\/et_pb_column][\/et_pb_row][\/et_pb_section][et_pb_section bb_built=\u00a0\u00bb1&Prime; fullwidth=\u00a0\u00bboff\u00a0\u00bb specialty=\u00a0\u00bboff\u00a0\u00bb transparent_background=\u00a0\u00bboff\u00a0\u00bb background_color=\u00a0\u00bb#174169&Prime; allow_player_pause=\u00a0\u00bboff\u00a0\u00bb inner_shadow=\u00a0\u00bboff\u00a0\u00bb parallax=\u00a0\u00bboff\u00a0\u00bb parallax_method=\u00a0\u00bboff\u00a0\u00bb padding_mobile=\u00a0\u00bboff\u00a0\u00bb make_fullwidth=\u00a0\u00bboff\u00a0\u00bb use_custom_width=\u00a0\u00bboff\u00a0\u00bb width_unit=\u00a0\u00bbon\u00a0\u00bb make_equal=\u00a0\u00bboff\u00a0\u00bb use_custom_gutter=\u00a0\u00bboff\u00a0\u00bb module_id=\u00a0\u00bbsubmission_deadlines\u00a0\u00bb custom_padding_tablet=\u00a0\u00bb50px|0|50px|0&Prime; custom_padding_last_edited=\u00a0\u00bbon|desktop\u00a0\u00bb prev_background_color=\u00a0\u00bb#ffffff\u00a0\u00bb next_background_color=\u00a0\u00bb#222222&Prime;][et_pb_row make_fullwidth=\u00a0\u00bboff\u00a0\u00bb use_custom_width=\u00a0\u00bboff\u00a0\u00bb width_unit=\u00a0\u00bboff\u00a0\u00bb custom_width_px=\u00a0\u00bb1080px\u00a0\u00bb custom_width_percent=\u00a0\u00bb75%\u00a0\u00bb use_custom_gutter=\u00a0\u00bbon\u00a0\u00bb gutter_width=\u00a0\u00bb2&Prime; custom_padding=\u00a0\u00bb|||25px\u00a0\u00bb custom_padding_tablet=\u00a0\u00bb|||0px\u00a0\u00bb padding_mobile=\u00a0\u00bboff\u00a0\u00bb allow_player_pause=\u00a0\u00bboff\u00a0\u00bb parallax=\u00a0\u00bboff\u00a0\u00bb parallax_method=\u00a0\u00bbon\u00a0\u00bb make_equal=\u00a0\u00bboff\u00a0\u00bb column_padding_mobile=\u00a0\u00bbon\u00a0\u00bb parallax_1=\u00a0\u00bboff\u00a0\u00bb parallax_method_1=\u00a0\u00bbon\u00a0\u00bb parallax_2=\u00a0\u00bboff\u00a0\u00bb parallax_method_2=\u00a0\u00bbon\u00a0\u00bb parallax_3=\u00a0\u00bboff\u00a0\u00bb parallax_method_3=\u00a0\u00bbon\u00a0\u00bb parallax_4=\u00a0\u00bboff\u00a0\u00bb parallax_method_4=\u00a0\u00bbon\u00a0\u00bb custom_padding_last_edited=\u00a0\u00bbon|phone\u00a0\u00bb disabled=\u00a0\u00bboff\u00a0\u00bb background_position=\u00a0\u00bbtop_left\u00a0\u00bb background_repeat=\u00a0\u00bbrepeat\u00a0\u00bb background_size=\u00a0\u00bbinitial\u00a0\u00bb][et_pb_column type=\u00a0\u00bb1_2&Prime;][et_pb_blurb url_new_window=\u00a0\u00bboff\u00a0\u00bb use_icon=\u00a0\u00bbon\u00a0\u00bb font_icon=\u00a0\u00bb%%109%%\u00a0\u00bb icon_color=\u00a0\u00bb#ffffff\u00a0\u00bb use_circle=\u00a0\u00bboff\u00a0\u00bb circle_color=\u00a0\u00bb#174169&Prime; use_circle_border=\u00a0\u00bboff\u00a0\u00bb circle_border_color=\u00a0\u00bb#174169&Prime; icon_placement=\u00a0\u00bbtop\u00a0\u00bb animation=\u00a0\u00bbtop\u00a0\u00bb background_layout=\u00a0\u00bbdark\u00a0\u00bb text_orientation=\u00a0\u00bbleft\u00a0\u00bb use_icon_font_size=\u00a0\u00bboff\u00a0\u00bb use_border_color=\u00a0\u00bboff\u00a0\u00bb border_color=\u00a0\u00bb#ffffff\u00a0\u00bb border_style=\u00a0\u00bbsolid\u00a0\u00bb background_position=\u00a0\u00bbtop_left\u00a0\u00bb background_repeat=\u00a0\u00bbrepeat\u00a0\u00bb background_size=\u00a0\u00bbinitial\u00a0\u00bb image_max_width=\u00a0\u00bb100%\u00a0\u00bb _builder_version=\u00a0\u00bb3.19.9&Prime;]<\/p>\n<h3 style=\"text-align: center;\">Demande initiale due<\/h3>\n<h1 style=\"text-align: center;\">juin 30<\/h1>\n<p>[\/et_pb_blurb][\/et_pb_column][et_pb_column type=\u00a0\u00bb1_2&Prime;][et_pb_blurb url_new_window=\u00a0\u00bboff\u00a0\u00bb use_icon=\u00a0\u00bbon\u00a0\u00bb font_icon=\u00a0\u00bb%%57%%\u00a0\u00bb icon_color=\u00a0\u00bb#ffffff\u00a0\u00bb use_circle=\u00a0\u00bboff\u00a0\u00bb circle_color=\u00a0\u00bb#174169&Prime; use_circle_border=\u00a0\u00bboff\u00a0\u00bb circle_border_color=\u00a0\u00bb#174169&Prime; icon_placement=\u00a0\u00bbtop\u00a0\u00bb animation=\u00a0\u00bbtop\u00a0\u00bb background_layout=\u00a0\u00bbdark\u00a0\u00bb text_orientation=\u00a0\u00bbleft\u00a0\u00bb use_icon_font_size=\u00a0\u00bboff\u00a0\u00bb use_border_color=\u00a0\u00bboff\u00a0\u00bb border_color=\u00a0\u00bb#ffffff\u00a0\u00bb border_style=\u00a0\u00bbsolid\u00a0\u00bb background_position=\u00a0\u00bbtop_left\u00a0\u00bb background_repeat=\u00a0\u00bbrepeat\u00a0\u00bb background_size=\u00a0\u00bbinitial\u00a0\u00bb image_max_width=\u00a0\u00bb100%\u00a0\u00bb]<\/p>\n<h3 style=\"text-align: center;\">Notes finales dues<\/h3>\n<h1 style=\"text-align: center;\">1 ao\u00fbt<\/h1>\n<p>[\/et_pb_blurb][\/et_pb_column][\/et_pb_row][\/et_pb_section][et_pb_section bb_built=\u00a0\u00bb1&Prime; fullwidth=\u00a0\u00bbon\u00a0\u00bb custom_padding_last_edited=\u00a0\u00bbon|phone\u00a0\u00bb disabled_on=\u00a0\u00bbon||\u00a0\u00bb _builder_version=\u00a0\u00bb3.0.74&Prime; background_color=\u00a0\u00bb#222222&Prime; custom_padding=\u00a0\u00bb0|1px|0||false|false\u00a0\u00bb custom_padding_tablet=\u00a0\u00bb50px|0|50px|0&Prime; transparent_background=\u00a0\u00bboff\u00a0\u00bb prev_background_color=\u00a0\u00bb#174169&Prime;][et_pb_fullwidth_menu menu_id=\u00a0\u00bb373&Prime; submenu_direction=\u00a0\u00bbupwards\u00a0\u00bb fullwidth_menu=\u00a0\u00bboff\u00a0\u00bb active_link_color=\u00a0\u00bb#97332c\u00a0\u00bb dropdown_menu_bg_color=\u00a0\u00bb#222222&Prime; dropdown_menu_line_color=\u00a0\u00bb#97332c\u00a0\u00bb dropdown_menu_text_color=\u00a0\u00bb#6b6b6b\u00a0\u00bb disabled_on=\u00a0\u00bbon|on|\u00a0\u00bb _builder_version=\u00a0\u00bb3.19.9&Prime; menu_text_color=\u00a0\u00bb#666666&Prime; background_color=\u00a0\u00bb#222222&Prime; dropdown_menu_animation=\u00a0\u00bbslide\u00a0\u00bb]<\/p>\n<p>&nbsp;<\/p>\n<p>[\/et_pb_fullwidth_menu][\/et_pb_section]<\/p>\n","protected":false},"excerpt":{"rendered":"<p>[et_pb_section bb_built=\u00a0\u00bb1&Prime; _builder_version=\u00a0\u00bb3.19.9&Prime; next_background_color=\u00a0\u00bb#174169&Prime;][et_pb_row _builder_version=\u00a0\u00bb3.0.48&Prime; background_size=\u00a0\u00bbinitial\u00a0\u00bb background_position=\u00a0\u00bbtop_left\u00a0\u00bb background_repeat=\u00a0\u00bbrepeat\u00a0\u00bb][et_pb_column type=\u00a0\u00bb4_4&Prime;][et_pb_image src=\u00a0\u00bbhttps:\/\/canadianseacadetscholarships.ca\/wp-content\/uploads\/2019\/06\/ISI-Logo_CNS.jpg\u00a0\u00bb align=\u00a0\u00bbcenter\u00a0\u00bb force_fullwidth=\u00a0\u00bbon\u00a0\u00bb _builder_version=\u00a0\u00bb3.19.9&Prime;] [\/et_pb_image][et_pb_text _builder_version=\u00a0\u00bb3.19.9&Prime; inline_fonts=\u00a0\u00bbAntic Didone\u00a0\u00bb] Bourses dans la cadre de la Strat\u00e9gie nationale de construction navale \u00a0\u00a0 Irving Shipbuilding d\u00e9bloque une enveloppe de 100\u2009000 $ en direction de la Fondation pour l\u2019\u00e9ducation des Cadets de la Marine royale canadienne pour des bourses destin\u00e9es [&hellip;]<\/p>\n","protected":false},"author":6,"featured_media":-1,"parent":0,"menu_order":0,"comment_status":"closed","ping_status":"closed","template":"","meta":{"_et_pb_use_builder":"on","_et_pb_old_content":"","_monsterinsights_skip_tracking":false,"_monsterinsights_sitenote_active":false,"_monsterinsights_sitenote_note":"","_monsterinsights_sitenote_category":0,"footnotes":""},"class_list":["post-33273","page","type-page","status-publish","has-post-thumbnail","hentry"],"_links":{"self":[{"href":"https:\/\/canadianseacadetscholarships.ca\/fr\/wp-json\/wp\/v2\/pages\/33273\/"}],"collection":[{"href":"https:\/\/canadianseacadetscholarships.ca\/fr\/wp-json\/wp\/v2\/pages\/"}],"about":[{"href":"https:\/\/canadianseacadetscholarships.ca\/fr\/wp-json\/wp\/v2\/types\/page\/"}],"author":[{"embeddable":true,"href":"https:\/\/canadianseacadetscholarships.ca\/fr\/wp-json\/wp\/v2\/users\/6\/"}],"replies":[{"embeddable":true,"href":"https:\/\/canadianseacadetscholarships.ca\/fr\/wp-json\/wp\/v2\/comments\/?post=33273"}],"version-history":[{"count":0,"href":"https:\/\/canadianseacadetscholarships.ca\/fr\/wp-json\/wp\/v2\/pages\/33273\/revisions\/"}],"wp:featuredmedia":[{"embeddable":true,"href":"https:\/\/canadianseacadetscholarships.ca\/fr\/wp-json\/"}],"wp:attachment":[{"href":"https:\/\/canadianseacadetscholarships.ca\/fr\/wp-json\/wp\/v2\/media\/?parent=33273"}],"curies":[{"name":"wp","href":"https:\/\/api.w.org\/{rel}","templated":true}]}}