{"id":31664,"date":"2017-02-15T14:44:42","date_gmt":"2017-02-15T19:44:42","guid":{"rendered":"http:\/\/rcscef.wpengine.com\/documents-requis\/"},"modified":"2023-09-29T21:23:59","modified_gmt":"2023-09-30T01:23:59","slug":"documents-requis","status":"publish","type":"page","link":"https:\/\/canadianseacadetscholarships.ca\/fr\/documents-requis\/","title":{"rendered":"Documents requis"},"content":{"rendered":"<p>[et_pb_section fb_built=\u00a0\u00bb1&Prime; custom_padding_last_edited=\u00a0\u00bbon|desktop\u00a0\u00bb admin_label=\u00a0\u00bbsection\u00a0\u00bb _builder_version=\u00a0\u00bb3.0.74&Prime; background_image=\u00a0\u00bbhttp:\/\/canadianseacadetscholarships.ca\/wp-content\/uploads\/2017\/01\/filtered-contract-unattributed.jpg\u00a0\u00bb parallax=\u00a0\u00bbon\u00a0\u00bb parallax_method=\u00a0\u00bboff\u00a0\u00bb custom_padding_tablet=\u00a0\u00bb50px|0|50px|0&Prime; custom_css_main_element=\u00a0\u00bbbackground-position: 8px 8px;\u00a0\u00bb transparent_background=\u00a0\u00bboff\u00a0\u00bb padding_mobile=\u00a0\u00bboff\u00a0\u00bb][et_pb_row make_fullwidth=\u00a0\u00bbon\u00a0\u00bb use_custom_gutter=\u00a0\u00bbon\u00a0\u00bb gutter_width=\u00a0\u00bb1&Prime; custom_padding=\u00a0\u00bb160px||160px|\u00a0\u00bb padding_mobile=\u00a0\u00bboff\u00a0\u00bb column_padding_mobile=\u00a0\u00bbon\u00a0\u00bb parallax_method_1=\u00a0\u00bboff\u00a0\u00bb admin_label=\u00a0\u00bbrow\u00a0\u00bb _builder_version=\u00a0\u00bb3.0.48&Prime; background_size=\u00a0\u00bbinitial\u00a0\u00bb background_position=\u00a0\u00bbtop_left\u00a0\u00bb background_repeat=\u00a0\u00bbrepeat\u00a0\u00bb][et_pb_column type=\u00a0\u00bb4_4&Prime; _builder_version=\u00a0\u00bb3.0.47&Prime; column_padding_mobile=\u00a0\u00bbon\u00a0\u00bb parallax=\u00a0\u00bboff\u00a0\u00bb parallax_method=\u00a0\u00bboff\u00a0\u00bb][et_pb_cta title=\u00a0\u00bbDocuments requis\u00a0\u00bb admin_label=\u00a0\u00bbCall To Action\u00a0\u00bb _builder_version=\u00a0\u00bb3.16&Prime; header_text_color=\u00a0\u00bb#ffffff\u00a0\u00bb header_font_size=\u00a0\u00bb92&Prime; header_font_size_tablet=\u00a0\u00bb64&Prime; header_font_size_last_edited=\u00a0\u00bbon|desktop\u00a0\u00bb header_line_height=\u00a0\u00bb1.2em\u00a0\u00bb body_text_color=\u00a0\u00bb#dddddd\u00a0\u00bb body_font_size=\u00a0\u00bb52&Prime; body_font_size_tablet=\u00a0\u00bb30&Prime; body_font_size_phone=\u00a0\u00bb25&Prime; body_font_size_last_edited=\u00a0\u00bbon|phone\u00a0\u00bb use_background_color=\u00a0\u00bboff\u00a0\u00bb background_size=\u00a0\u00bbinitial\u00a0\u00bb background_position=\u00a0\u00bbtop_left\u00a0\u00bb background_repeat=\u00a0\u00bbrepeat\u00a0\u00bb use_border_color=\u00a0\u00bboff\u00a0\u00bb border_color=\u00a0\u00bb#ffffff\u00a0\u00bb border_style=\u00a0\u00bbsolid\u00a0\u00bb button_letter_spacing_hover=\u00a0\u00bb0&Prime; button_text_size__hover_enabled=\u00a0\u00bboff\u00a0\u00bb button_one_text_size__hover_enabled=\u00a0\u00bboff\u00a0\u00bb button_two_text_size__hover_enabled=\u00a0\u00bboff\u00a0\u00bb button_text_color__hover_enabled=\u00a0\u00bboff\u00a0\u00bb button_one_text_color__hover_enabled=\u00a0\u00bboff\u00a0\u00bb button_two_text_color__hover_enabled=\u00a0\u00bboff\u00a0\u00bb button_border_width__hover_enabled=\u00a0\u00bboff\u00a0\u00bb button_one_border_width__hover_enabled=\u00a0\u00bboff\u00a0\u00bb button_two_border_width__hover_enabled=\u00a0\u00bboff\u00a0\u00bb button_border_color__hover_enabled=\u00a0\u00bboff\u00a0\u00bb button_one_border_color__hover_enabled=\u00a0\u00bboff\u00a0\u00bb button_two_border_color__hover_enabled=\u00a0\u00bboff\u00a0\u00bb button_border_radius__hover_enabled=\u00a0\u00bboff\u00a0\u00bb button_one_border_radius__hover_enabled=\u00a0\u00bboff\u00a0\u00bb button_two_border_radius__hover_enabled=\u00a0\u00bboff\u00a0\u00bb button_letter_spacing__hover_enabled=\u00a0\u00bbon\u00a0\u00bb button_letter_spacing__hover=\u00a0\u00bb0&Prime; button_one_letter_spacing__hover_enabled=\u00a0\u00bboff\u00a0\u00bb button_two_letter_spacing__hover_enabled=\u00a0\u00bboff\u00a0\u00bb button_bg_color__hover_enabled=\u00a0\u00bboff\u00a0\u00bb button_one_bg_color__hover_enabled=\u00a0\u00bboff\u00a0\u00bb button_two_bg_color__hover_enabled=\u00a0\u00bboff\u00a0\u00bb]Demande de bourse<br \/>\n[\/et_pb_cta][\/et_pb_column][\/et_pb_row][\/et_pb_section][et_pb_section fb_built=\u00a0\u00bb1&Prime; admin_label=\u00a0\u00bbsection\u00a0\u00bb _builder_version=\u00a0\u00bb3.0.47&Prime;][et_pb_row admin_label=\u00a0\u00bbrow\u00a0\u00bb _builder_version=\u00a0\u00bb3.0.48&Prime; background_size=\u00a0\u00bbinitial\u00a0\u00bb background_position=\u00a0\u00bbtop_left\u00a0\u00bb background_repeat=\u00a0\u00bbrepeat\u00a0\u00bb][et_pb_column type=\u00a0\u00bb4_4&Prime; _builder_version=\u00a0\u00bb3.0.47&Prime; parallax=\u00a0\u00bboff\u00a0\u00bb parallax_method=\u00a0\u00bbon\u00a0\u00bb][et_pb_text admin_label=\u00a0\u00bbText &#8211; title\u00a0\u00bb _builder_version=\u00a0\u00bb3.0.87&Prime; background_size=\u00a0\u00bbinitial\u00a0\u00bb background_position=\u00a0\u00bbtop_left\u00a0\u00bb background_repeat=\u00a0\u00bbrepeat\u00a0\u00bb use_border_color=\u00a0\u00bboff\u00a0\u00bb border_color=\u00a0\u00bb#ffffff\u00a0\u00bb border_style=\u00a0\u00bbsolid\u00a0\u00bb]<H1>Que nous envoyer<\/h1>\n<p>Les documents suivants doivent \u00eatre inclus dans votre demande de soumission.<br \/>\n[\/et_pb_text][et_pb_text admin_label=\u00a0\u00bbText\u00a0\u00bb module_class=\u00a0\u00bbdots-list\u00a0\u00bb _builder_version=\u00a0\u00bb3.0.87&Prime; text_line_height=\u00a0\u00bb1.3em\u00a0\u00bb background_size=\u00a0\u00bbinitial\u00a0\u00bb background_position=\u00a0\u00bbtop_left\u00a0\u00bb background_repeat=\u00a0\u00bbrepeat\u00a0\u00bb use_border_color=\u00a0\u00bboff\u00a0\u00bb border_color=\u00a0\u00bb#ffffff\u00a0\u00bb border_style=\u00a0\u00bbsolid\u00a0\u00bb]<\/p>\n<ol>\n<li>\n<h4><span class=\"number_divider\">1<\/span>Votre carte d&rsquo;information pour les cadets<\/h4>\n<p>Une copie \u00e0 jour de votre carte de cadet, fournie par votre corps.<\/li>\n<li>\n<h4><span class=\"number_divider\">2<\/span><br \/>\nVotre lettre d&rsquo;application personnelle<\/h4>\n<p>D\u00e9crivez votre passion pour votre programme, vos objectifs, les r\u00e9alisations dont vous \u00eates particuli\u00e8rement fiers et tout ce qui pourrait nous aider \u00e0 nous faire une id\u00e9e de qui vous \u00eates. Cette lettre ne doit pas \u00eatre plus de deux types de pages \u00e9crites.<\/li>\n<li>\n<h4><span class=\"number_divider\">3<\/span>Votre CV ou Biographie<\/h4>\n<p>C&rsquo;est l\u00e0 que vous nous montrez ce que vous avez fait. Vous pouvez le faire sous forme de paragraphe ou de point. Dites-nous ce que vous avez fait dans votre communaut\u00e9 et avec les cadets. Quels sont vos hobbies et int\u00e9r\u00eats? Quels emplois avez-vous eu? Assurez-vous de nous parler de tous les prix ou mentions sp\u00e9ciales que vous ou les groupes auxquels vous avez particip\u00e9 ont re\u00e7u.<\/li>\n<li>\n<h4><span class=\"number_divider\">4<\/span><br \/>\nLettres de recommandations<\/h4>\n<p>Une lettre de recommandation de votre commandant <strong>plus deux ou trois<\/strong> lettres suppl\u00e9mentaires d&rsquo;autres personnes qui vous connaissent et qui estiment que vous m\u00e9ritez une bourse d&rsquo;\u00e9tudes.<\/li>\n<li>\n<h4><span class=\"number_divider\">5<\/span>Vos notes de fin d&rsquo;exercice \u00e0 mi-parcours<\/h4>\n<p>Vos notes de fin d&rsquo;ann\u00e9e et moyenne g\u00e9n\u00e9rale, fournies par votre \u00e9tablissement d&rsquo;enseignement secondaire.<\/li>\n<li>\n<h4><span class=\"number_divider\">6<\/span>Transcription de vos marques finales<\/h4>\n<p>Une transcription certifi\u00e9e de vos notes finales et de la moyenne g\u00e9n\u00e9rale, qui vous est fournie par votre minist\u00e8re provincial de l&rsquo;\u00c9ducation.<\/li>\n<li>\n<h4><span class=\"number_divider\">7<\/span><br \/>\nLettre d&rsquo;acceptation ou d&rsquo;acceptation provisoire de l&rsquo;\u00e9tablissement auquel vous pr\u00e9voyez assister<\/h4>\n<p>Si vous n&rsquo;\u00eates pas en mesure de fournir cela au moment de votre demande, joignez une explication. Il doit \u00eatre re\u00e7u avec votre note finale au plus tard le 1er ao\u00fbt.<\/li>\n<\/ol>\n<p>[\/et_pb_text][\/et_pb_column][\/et_pb_row][\/et_pb_section][et_pb_section fb_built=\u00a0\u00bb1&Prime; custom_padding_last_edited=\u00a0\u00bbon|desktop\u00a0\u00bb admin_label=\u00a0\u00bbSection\u00a0\u00bb _builder_version=\u00a0\u00bb3.0.74&Prime; background_color=\u00a0\u00bb#23282d\u00a0\u00bb custom_padding=\u00a0\u00bb10px||20px|\u00a0\u00bb custom_padding_tablet=\u00a0\u00bb50px|0|50px|0&Prime; transparent_background=\u00a0\u00bboff\u00a0\u00bb padding_mobile=\u00a0\u00bboff\u00a0\u00bb][et_pb_row custom_padding=\u00a0\u00bb20px||20px|\u00a0\u00bb padding_mobile=\u00a0\u00bboff\u00a0\u00bb column_padding_mobile=\u00a0\u00bbon\u00a0\u00bb parallax_method_1=\u00a0\u00bboff\u00a0\u00bb parallax_method_2=\u00a0\u00bboff\u00a0\u00bb padding_bottom_2=\u00a0\u00bb20px\u00a0\u00bb admin_label=\u00a0\u00bbRow\u00a0\u00bb _builder_version=\u00a0\u00bb3.0.48&Prime; background_size=\u00a0\u00bbinitial\u00a0\u00bb background_position=\u00a0\u00bbtop_left\u00a0\u00bb background_repeat=\u00a0\u00bbrepeat\u00a0\u00bb][et_pb_column type=\u00a0\u00bb4_4&Prime; _builder_version=\u00a0\u00bb3.0.47&Prime; column_padding_mobile=\u00a0\u00bbon\u00a0\u00bb parallax=\u00a0\u00bboff\u00a0\u00bb parallax_method=\u00a0\u00bboff\u00a0\u00bb][et_pb_cta title=\u00a0\u00bbPostuler en ligne\u00a0\u00bb button_url=\u00a0\u00bbhttp:\/\/rcscef.wpengine.com\/fr\/demande-de-bourse\/\u00a0\u00bb button_text=\u00a0\u00bbAppliquer maintenant\u00a0\u00bb admin_label=\u00a0\u00bbCall To Action &#8211; Apply Online\u00a0\u00bb _builder_version=\u00a0\u00bb3.16&Prime; header_text_color=\u00a0\u00bb#ededed\u00a0\u00bb header_font_size=\u00a0\u00bb52&Prime; header_font_size_tablet=\u00a0\u00bb46&Prime; header_font_size_phone=\u00a0\u00bb30&Prime; header_font_size_last_edited=\u00a0\u00bbon|phone\u00a0\u00bb body_font=\u00a0\u00bbDroid Sans||||\u00a0\u00bb body_font_size_last_edited=\u00a0\u00bboff|desktop\u00a0\u00bb body_line_height_last_edited=\u00a0\u00bbon|phone\u00a0\u00bb use_background_color=\u00a0\u00bboff\u00a0\u00bb background_size=\u00a0\u00bbinitial\u00a0\u00bb background_position=\u00a0\u00bbtop_left\u00a0\u00bb background_repeat=\u00a0\u00bbrepeat\u00a0\u00bb custom_button=\u00a0\u00bbon\u00a0\u00bb button_text_color=\u00a0\u00bb#ffffff\u00a0\u00bb button_bg_color=\u00a0\u00bb#97332c\u00a0\u00bb button_border_width=\u00a0\u00bb0px\u00a0\u00bb button_border_radius=\u00a0\u00bb6px\u00a0\u00bb button_icon=\u00a0\u00bb%%20%%\u00a0\u00bb button_icon_color=\u00a0\u00bb#ffffff\u00a0\u00bb text_orientation=\u00a0\u00bbleft\u00a0\u00bb background_layout=\u00a0\u00bblight\u00a0\u00bb custom_padding_last_edited=\u00a0\u00bbon|tablet\u00a0\u00bb use_border_color=\u00a0\u00bboff\u00a0\u00bb border_color=\u00a0\u00bb#ffffff\u00a0\u00bb border_style=\u00a0\u00bbsolid\u00a0\u00bb button_border_radius_hover=\u00a0\u00bb6px\u00a0\u00bb button_letter_spacing_hover=\u00a0\u00bb1px\u00a0\u00bb button_text_size__hover_enabled=\u00a0\u00bboff\u00a0\u00bb button_one_text_size__hover_enabled=\u00a0\u00bboff\u00a0\u00bb button_two_text_size__hover_enabled=\u00a0\u00bboff\u00a0\u00bb button_text_color__hover_enabled=\u00a0\u00bboff\u00a0\u00bb button_one_text_color__hover_enabled=\u00a0\u00bboff\u00a0\u00bb button_two_text_color__hover_enabled=\u00a0\u00bboff\u00a0\u00bb button_border_width__hover_enabled=\u00a0\u00bboff\u00a0\u00bb button_one_border_width__hover_enabled=\u00a0\u00bboff\u00a0\u00bb button_two_border_width__hover_enabled=\u00a0\u00bboff\u00a0\u00bb button_border_color__hover_enabled=\u00a0\u00bboff\u00a0\u00bb button_one_border_color__hover_enabled=\u00a0\u00bboff\u00a0\u00bb button_two_border_color__hover_enabled=\u00a0\u00bboff\u00a0\u00bb button_border_radius__hover_enabled=\u00a0\u00bbon\u00a0\u00bb button_border_radius__hover=\u00a0\u00bb6px\u00a0\u00bb button_one_border_radius__hover_enabled=\u00a0\u00bboff\u00a0\u00bb button_two_border_radius__hover_enabled=\u00a0\u00bboff\u00a0\u00bb button_letter_spacing__hover_enabled=\u00a0\u00bbon\u00a0\u00bb button_letter_spacing__hover=\u00a0\u00bb1px\u00a0\u00bb button_one_letter_spacing__hover_enabled=\u00a0\u00bboff\u00a0\u00bb button_two_letter_spacing__hover_enabled=\u00a0\u00bboff\u00a0\u00bb button_bg_color__hover_enabled=\u00a0\u00bboff\u00a0\u00bb button_one_bg_color__hover_enabled=\u00a0\u00bboff\u00a0\u00bb button_two_bg_color__hover_enabled=\u00a0\u00bboff\u00a0\u00bb]Tous vos documents sont-ils pr\u00e9par\u00e9s et pr\u00eats \u00e0 \u00eatre soumis?<br \/>\n[\/et_pb_cta][\/et_pb_column][\/et_pb_row][\/et_pb_section][et_pb_section fb_built=\u00a0\u00bb1&Prime; fullwidth=\u00a0\u00bbon\u00a0\u00bb custom_padding_last_edited=\u00a0\u00bbon|phone\u00a0\u00bb disabled_on=\u00a0\u00bbon||\u00a0\u00bb admin_label=\u00a0\u00bbSection\u00a0\u00bb _builder_version=\u00a0\u00bb3.0.74&Prime; background_color=\u00a0\u00bb#222222&Prime; custom_padding=\u00a0\u00bb0px||0px|\u00a0\u00bb custom_padding_tablet=\u00a0\u00bb50px|0|50px|0&Prime; transparent_background=\u00a0\u00bboff\u00a0\u00bb padding_mobile=\u00a0\u00bboff\u00a0\u00bb][et_pb_fullwidth_menu menu_id=\u00a0\u00bb373&Prime; submenu_direction=\u00a0\u00bbupwards\u00a0\u00bb fullwidth_menu=\u00a0\u00bboff\u00a0\u00bb active_link_color=\u00a0\u00bb#97332c\u00a0\u00bb dropdown_menu_bg_color=\u00a0\u00bb#222222&Prime; dropdown_menu_line_color=\u00a0\u00bb#97332c\u00a0\u00bb dropdown_menu_text_color=\u00a0\u00bb#6b6b6b\u00a0\u00bb disabled_on=\u00a0\u00bbon|on|\u00a0\u00bb admin_label=\u00a0\u00bbFullwidth Menu\u00a0\u00bb _builder_version=\u00a0\u00bb3.0.47&Prime; menu_text_color=\u00a0\u00bb#666666&Prime; background_color=\u00a0\u00bb#222&Prime; dropdown_menu_animation=\u00a0\u00bbslide\u00a0\u00bb]&nbsp;<br \/>\n[\/et_pb_fullwidth_menu][et_pb_fullwidth_header disabled_on=\u00a0\u00bboff|off|off\u00a0\u00bb admin_label=\u00a0\u00bbFullwidth Header\u00a0\u00bb _builder_version=\u00a0\u00bb3.16&Prime; background_color=\u00a0\u00bbrgba(255, 255, 255, 0)\u00a0\u00bb background_layout=\u00a0\u00bblight\u00a0\u00bb custom_css_main_element=\u00a0\u00bb    padding: 1px;||    \/* padding-top:50px; ||    margin-right: -300px;||    margin-top: -50px; *\/||    margin-right: -55px;||    opacity: .5;||\u00a0\u00bb button_one_letter_spacing_hover=\u00a0\u00bb0&Prime; button_two_letter_spacing_hover=\u00a0\u00bb0&Prime; button_one_text_size__hover_enabled=\u00a0\u00bboff\u00a0\u00bb button_two_text_size__hover_enabled=\u00a0\u00bboff\u00a0\u00bb button_one_text_color__hover_enabled=\u00a0\u00bboff\u00a0\u00bb button_two_text_color__hover_enabled=\u00a0\u00bboff\u00a0\u00bb button_one_border_width__hover_enabled=\u00a0\u00bboff\u00a0\u00bb button_two_border_width__hover_enabled=\u00a0\u00bboff\u00a0\u00bb button_one_border_color__hover_enabled=\u00a0\u00bboff\u00a0\u00bb button_two_border_color__hover_enabled=\u00a0\u00bboff\u00a0\u00bb button_one_border_radius__hover_enabled=\u00a0\u00bboff\u00a0\u00bb button_two_border_radius__hover_enabled=\u00a0\u00bboff\u00a0\u00bb button_one_letter_spacing__hover_enabled=\u00a0\u00bbon\u00a0\u00bb button_one_letter_spacing__hover=\u00a0\u00bb0&Prime; button_two_letter_spacing__hover_enabled=\u00a0\u00bbon\u00a0\u00bb button_two_letter_spacing__hover=\u00a0\u00bb0&Prime; button_one_bg_color__hover_enabled=\u00a0\u00bboff\u00a0\u00bb button_two_bg_color__hover_enabled=\u00a0\u00bboff\u00a0\u00bb]<a href=\"http:\/\/www.freepik.com\" style=\"color: #222;\"><img decoding=\"async\" class=\"size-medium wp-image-31798 alignright\" src=\"http:\/\/rcscef.wpengine.com\/wp-content\/uploads\/2017\/02\/freepik_logo_white_ARIAL-300x29.png\" alt=\"\" width=\"200\">.<\/a><br \/>\n[\/et_pb_fullwidth_header][\/et_pb_section]<\/p>\n","protected":false},"excerpt":{"rendered":"<p>[et_pb_section fb_built=\u00a0\u00bb1&Prime; custom_padding_last_edited=\u00a0\u00bbon|desktop\u00a0\u00bb admin_label=\u00a0\u00bbsection\u00a0\u00bb _builder_version=\u00a0\u00bb3.0.74&Prime; background_image=\u00a0\u00bbhttp:\/\/canadianseacadetscholarships.ca\/wp-content\/uploads\/2017\/01\/filtered-contract-unattributed.jpg\u00a0\u00bb parallax=\u00a0\u00bbon\u00a0\u00bb parallax_method=\u00a0\u00bboff\u00a0\u00bb custom_padding_tablet=\u00a0\u00bb50px|0|50px|0&Prime; custom_css_main_element=\u00a0\u00bbbackground-position: 8px 8px;\u00a0\u00bb transparent_background=\u00a0\u00bboff\u00a0\u00bb padding_mobile=\u00a0\u00bboff\u00a0\u00bb][et_pb_row make_fullwidth=\u00a0\u00bbon\u00a0\u00bb use_custom_gutter=\u00a0\u00bbon\u00a0\u00bb gutter_width=\u00a0\u00bb1&Prime; custom_padding=\u00a0\u00bb160px||160px|\u00a0\u00bb padding_mobile=\u00a0\u00bboff\u00a0\u00bb column_padding_mobile=\u00a0\u00bbon\u00a0\u00bb parallax_method_1=\u00a0\u00bboff\u00a0\u00bb admin_label=\u00a0\u00bbrow\u00a0\u00bb _builder_version=\u00a0\u00bb3.0.48&Prime; background_size=\u00a0\u00bbinitial\u00a0\u00bb background_position=\u00a0\u00bbtop_left\u00a0\u00bb background_repeat=\u00a0\u00bbrepeat\u00a0\u00bb][et_pb_column type=\u00a0\u00bb4_4&Prime; _builder_version=\u00a0\u00bb3.0.47&Prime; column_padding_mobile=\u00a0\u00bbon\u00a0\u00bb parallax=\u00a0\u00bboff\u00a0\u00bb parallax_method=\u00a0\u00bboff\u00a0\u00bb][et_pb_cta title=\u00a0\u00bbDocuments requis\u00a0\u00bb admin_label=\u00a0\u00bbCall To Action\u00a0\u00bb _builder_version=\u00a0\u00bb3.16&Prime; header_text_color=\u00a0\u00bb#ffffff\u00a0\u00bb header_font_size=\u00a0\u00bb92&Prime; header_font_size_tablet=\u00a0\u00bb64&Prime; header_font_size_last_edited=\u00a0\u00bbon|desktop\u00a0\u00bb header_line_height=\u00a0\u00bb1.2em\u00a0\u00bb body_text_color=\u00a0\u00bb#dddddd\u00a0\u00bb body_font_size=\u00a0\u00bb52&Prime; body_font_size_tablet=\u00a0\u00bb30&Prime; body_font_size_phone=\u00a0\u00bb25&Prime; body_font_size_last_edited=\u00a0\u00bbon|phone\u00a0\u00bb use_background_color=\u00a0\u00bboff\u00a0\u00bb background_size=\u00a0\u00bbinitial\u00a0\u00bb background_position=\u00a0\u00bbtop_left\u00a0\u00bb background_repeat=\u00a0\u00bbrepeat\u00a0\u00bb use_border_color=\u00a0\u00bboff\u00a0\u00bb border_color=\u00a0\u00bb#ffffff\u00a0\u00bb border_style=\u00a0\u00bbsolid\u00a0\u00bb button_letter_spacing_hover=\u00a0\u00bb0&Prime; [&hellip;]<\/p>\n","protected":false},"author":2,"featured_media":-1,"parent":0,"menu_order":0,"comment_status":"closed","ping_status":"closed","template":"","meta":{"_et_pb_use_builder":"on","_et_pb_old_content":"<ul><li>1. Your Letter of Application :<\/li><\/ul><p>This RCSCEF scholarships. Tell us what you want to do, what you have accomplished that you take special pride in, why you thing the program you want to follow and anything else that would help us get a picture of who you are. This letter should be no longer than two typeswritten pages.<\/p><ul><li>2. Your CV or Biography:<\/li><\/ul><p>This is where you show us what you have done. You can do so in paragraph or form form. Tell us what you have done in your community, and with Cadets. What are your hobbies and interests? What jobs have you had? Make sure to tell us about any awards or special that you or the groups that you have been part of have received.<\/p><ul><li>3. Letters of Recommendation:<\/li><\/ul><p>One must come from your Commanding Officer and you must submit a minimum of two additional letters but no more than three other people who know you and feel that you deserve a scholarship.<\/p><p>4. Final Year Mid Term Marks:<\/p><p>This article is a summary of the findings of the Secondary Education Institution. If it is not Clearly Stated on the paper grade your average.<\/p><p>5. TRANSCRIPT OF YOUR FINAL MARKS:<\/p><p>This should be a certified copy of your Provincial Education Ministry. If it is not Clearly Stated on the paper grade your average .<\/p><p>6. COPY OF YOUR CADET CARD INFORMATION:<\/p><p>Your Corps will provide you with up to date copy of your Card for inclusion with your application.<\/p><p>7. LETTER OF ACCEPTANCE OR PROVISIONAL ACCEPTANCE FROM THE INSTITUTION THAT YOU PLAN TO ATTEND:<\/p><p>If you are unable to provide this at the time you make your application, attached an explanation and an indication when you will be able to forward it. It should be received with your final marks no later than August 1.<\/p>","_monsterinsights_skip_tracking":false,"_monsterinsights_sitenote_active":false,"_monsterinsights_sitenote_note":"","_monsterinsights_sitenote_category":0,"footnotes":""},"class_list":["post-31664","page","type-page","status-publish","has-post-thumbnail","hentry"],"_links":{"self":[{"href":"https:\/\/canadianseacadetscholarships.ca\/fr\/wp-json\/wp\/v2\/pages\/31664\/"}],"collection":[{"href":"https:\/\/canadianseacadetscholarships.ca\/fr\/wp-json\/wp\/v2\/pages\/"}],"about":[{"href":"https:\/\/canadianseacadetscholarships.ca\/fr\/wp-json\/wp\/v2\/types\/page\/"}],"author":[{"embeddable":true,"href":"https:\/\/canadianseacadetscholarships.ca\/fr\/wp-json\/wp\/v2\/users\/2\/"}],"replies":[{"embeddable":true,"href":"https:\/\/canadianseacadetscholarships.ca\/fr\/wp-json\/wp\/v2\/comments\/?post=31664"}],"version-history":[{"count":0,"href":"https:\/\/canadianseacadetscholarships.ca\/fr\/wp-json\/wp\/v2\/pages\/31664\/revisions\/"}],"wp:featuredmedia":[{"embeddable":true,"href":"https:\/\/canadianseacadetscholarships.ca\/fr\/wp-json\/"}],"wp:attachment":[{"href":"https:\/\/canadianseacadetscholarships.ca\/fr\/wp-json\/wp\/v2\/media\/?parent=31664"}],"curies":[{"name":"wp","href":"https:\/\/api.w.org\/{rel}","templated":true}]}}