{"id":31663,"date":"2017-02-15T14:33:10","date_gmt":"2017-02-15T19:33:10","guid":{"rendered":"http:\/\/rcscef.wpengine.com\/qui-peut-postuler\/"},"modified":"2023-09-29T20:48:16","modified_gmt":"2023-09-30T00:48:16","slug":"qui-peut-postuler","status":"publish","type":"page","link":"https:\/\/canadianseacadetscholarships.ca\/fr\/qui-peut-postuler\/","title":{"rendered":"Qui peut postuler"},"content":{"rendered":"<p>[et_pb_section fb_built=\u00a0\u00bb1&Prime; custom_padding_last_edited=\u00a0\u00bbon|desktop\u00a0\u00bb admin_label=\u00a0\u00bbsection\u00a0\u00bb _builder_version=\u00a0\u00bb3.19.4&Prime; background_image=\u00a0\u00bbhttp:\/\/canadianseacadetscholarships.ca\/wp-content\/uploads\/2019\/01\/sailor-colored-FREEPIK-filtered-with-background-e1483312909135.png\u00a0\u00bb parallax=\u00a0\u00bbon\u00a0\u00bb parallax_method=\u00a0\u00bboff\u00a0\u00bb custom_padding=\u00a0\u00bb50px|0|50px|0px|false|false\u00a0\u00bb custom_padding_tablet=\u00a0\u00bb50px|0|50px|0&Prime; custom_css_main_element=\u00a0\u00bbbackground-position: 8px 8px;\u00a0\u00bb transparent_background=\u00a0\u00bboff\u00a0\u00bb][et_pb_row make_fullwidth=\u00a0\u00bbon\u00a0\u00bb use_custom_gutter=\u00a0\u00bbon\u00a0\u00bb gutter_width=\u00a0\u00bb1&Prime; custom_padding=\u00a0\u00bb160px||160px|\u00a0\u00bb padding_mobile=\u00a0\u00bboff\u00a0\u00bb column_padding_mobile=\u00a0\u00bbon\u00a0\u00bb parallax_method_1=\u00a0\u00bboff\u00a0\u00bb admin_label=\u00a0\u00bbrow\u00a0\u00bb _builder_version=\u00a0\u00bb3.0.48&Prime; background_size=\u00a0\u00bbinitial\u00a0\u00bb background_position=\u00a0\u00bbtop_left\u00a0\u00bb background_repeat=\u00a0\u00bbrepeat\u00a0\u00bb][et_pb_column type=\u00a0\u00bb4_4&Prime; _builder_version=\u00a0\u00bb3.0.47&Prime; column_padding_mobile=\u00a0\u00bbon\u00a0\u00bb parallax=\u00a0\u00bboff\u00a0\u00bb parallax_method=\u00a0\u00bboff\u00a0\u00bb][et_pb_cta title=\u00a0\u00bbQui peut postuler\u00a0\u00bb admin_label=\u00a0\u00bbCall To Action\u00a0\u00bb _builder_version=\u00a0\u00bb3.16&Prime; header_text_color=\u00a0\u00bb#ffffff\u00a0\u00bb header_font_size=\u00a0\u00bb92&Prime; header_font_size_tablet=\u00a0\u00bb64&Prime; header_font_size_last_edited=\u00a0\u00bbon|desktop\u00a0\u00bb header_line_height=\u00a0\u00bb1.2em\u00a0\u00bb body_text_color=\u00a0\u00bb#dddddd\u00a0\u00bb body_font_size=\u00a0\u00bb52&Prime; body_font_size_tablet=\u00a0\u00bb30&Prime; body_font_size_phone=\u00a0\u00bb25&Prime; body_font_size_last_edited=\u00a0\u00bbon|phone\u00a0\u00bb use_background_color=\u00a0\u00bboff\u00a0\u00bb background_size=\u00a0\u00bbinitial\u00a0\u00bb background_position=\u00a0\u00bbtop_left\u00a0\u00bb background_repeat=\u00a0\u00bbrepeat\u00a0\u00bb use_border_color=\u00a0\u00bboff\u00a0\u00bb border_color=\u00a0\u00bb#ffffff\u00a0\u00bb border_style=\u00a0\u00bbsolid\u00a0\u00bb button_letter_spacing_hover=\u00a0\u00bb0&Prime; button_text_size__hover_enabled=\u00a0\u00bboff\u00a0\u00bb button_one_text_size__hover_enabled=\u00a0\u00bboff\u00a0\u00bb button_two_text_size__hover_enabled=\u00a0\u00bboff\u00a0\u00bb button_text_color__hover_enabled=\u00a0\u00bboff\u00a0\u00bb button_one_text_color__hover_enabled=\u00a0\u00bboff\u00a0\u00bb button_two_text_color__hover_enabled=\u00a0\u00bboff\u00a0\u00bb button_border_width__hover_enabled=\u00a0\u00bboff\u00a0\u00bb button_one_border_width__hover_enabled=\u00a0\u00bboff\u00a0\u00bb button_two_border_width__hover_enabled=\u00a0\u00bboff\u00a0\u00bb button_border_color__hover_enabled=\u00a0\u00bboff\u00a0\u00bb button_one_border_color__hover_enabled=\u00a0\u00bboff\u00a0\u00bb button_two_border_color__hover_enabled=\u00a0\u00bboff\u00a0\u00bb button_border_radius__hover_enabled=\u00a0\u00bboff\u00a0\u00bb button_one_border_radius__hover_enabled=\u00a0\u00bboff\u00a0\u00bb button_two_border_radius__hover_enabled=\u00a0\u00bboff\u00a0\u00bb button_letter_spacing__hover_enabled=\u00a0\u00bbon\u00a0\u00bb button_letter_spacing__hover=\u00a0\u00bb0&Prime; button_one_letter_spacing__hover_enabled=\u00a0\u00bboff\u00a0\u00bb button_two_letter_spacing__hover_enabled=\u00a0\u00bboff\u00a0\u00bb button_bg_color__hover_enabled=\u00a0\u00bboff\u00a0\u00bb button_one_bg_color__hover_enabled=\u00a0\u00bboff\u00a0\u00bb button_two_bg_color__hover_enabled=\u00a0\u00bboff\u00a0\u00bb]Qualifications de bourses d&rsquo;\u00e9tudes [\/et_pb_cta][\/et_pb_column][\/et_pb_row][\/et_pb_section][et_pb_section fb_built=\u00a0\u00bb1&Prime; admin_label=\u00a0\u00bbsection\u00a0\u00bb _builder_version=\u00a0\u00bb3.0.47&Prime;][et_pb_row admin_label=\u00a0\u00bbrow\u00a0\u00bb _builder_version=\u00a0\u00bb3.0.48&Prime; background_size=\u00a0\u00bbinitial\u00a0\u00bb background_position=\u00a0\u00bbtop_left\u00a0\u00bb background_repeat=\u00a0\u00bbrepeat\u00a0\u00bb][et_pb_column type=\u00a0\u00bb4_4&Prime; _builder_version=\u00a0\u00bb3.0.47&Prime; parallax=\u00a0\u00bboff\u00a0\u00bb parallax_method=\u00a0\u00bbon\u00a0\u00bb][et_pb_text admin_label=\u00a0\u00bbText &#8211; title\u00a0\u00bb _builder_version=\u00a0\u00bb3.0.87&Prime; background_size=\u00a0\u00bbinitial\u00a0\u00bb background_position=\u00a0\u00bbtop_left\u00a0\u00bb background_repeat=\u00a0\u00bbrepeat\u00a0\u00bb use_border_color=\u00a0\u00bboff\u00a0\u00bb border_color=\u00a0\u00bb#ffffff\u00a0\u00bb border_style=\u00a0\u00bbsolid\u00a0\u00bb]<\/p>\n<h1>Admissibilit\u00e9<\/h1>\n<p>[\/et_pb_text][et_pb_text admin_label=\u00a0\u00bbText\u00a0\u00bb module_class=\u00a0\u00bbdots-list\u00a0\u00bb _builder_version=\u00a0\u00bb3.0.87&Prime; text_line_height=\u00a0\u00bb1.3em\u00a0\u00bb header_line_height=\u00a0\u00bb1.3em\u00a0\u00bb background_size=\u00a0\u00bbinitial\u00a0\u00bb background_position=\u00a0\u00bbtop_left\u00a0\u00bb background_repeat=\u00a0\u00bbrepeat\u00a0\u00bb use_border_color=\u00a0\u00bboff\u00a0\u00bb border_color=\u00a0\u00bb#ffffff\u00a0\u00bb border_style=\u00a0\u00bbsolid\u00a0\u00bb]<\/p>\n<ol>\n<li>\n<h4>Service des cadets de la mer<\/h4>\n<p>Les candidats doivent avoir particip\u00e9 au programme des cadets de la Marine royale du Canada pendant au moins 24 mois<\/li>\n<li>\n<h4>Programmes admissibles<\/h4>\n<p>Les candidats doivent pr\u00e9senter une demande d&rsquo;\u00e9tudes postsecondaires dans un cours universitaire ou coll\u00e9gial menant \u00e0 un dipl\u00f4me ou \u00e0 un programme de formation postsecondaire qui m\u00e8nera \u00e0 l&rsquo;accr\u00e9ditation dans une profession reconnue.<\/li>\n<li>\n<h4>Vieillissement<\/h4>\n<p>Un cadet qui participe au programme de formation est admissible en juin de cette ann\u00e9e de formation. (Exemple: un cadet qui vieillit en novembre peut pr\u00e9senter sa demande en juin de l&rsquo;ann\u00e9e suivante.)<\/li>\n<li>\n<h4><i> Non <\/i> Vieillissement<\/h4>\n<p>Un cadet qui ne vieillit pas et qui reste actif dans le programme tout en fr\u00e9quentant la premi\u00e8re ann\u00e9e d&rsquo;\u00e9tudes postsecondaires peut demander une bourse de programme pour la deuxi\u00e8me ann\u00e9e du programme.<\/li>\n<li>\n<h4>Ann\u00e9e d&rsquo;\u00e9cart<\/h4>\n<p>Les cadets qui d\u00e9cident de prendre une pause de pas plus de 24 mois entre la fin de leurs \u00e9tudes secondaires et le d\u00e9but d&rsquo;un programme d&rsquo;\u00e9tudes postsecondaires peuvent demander une bourse dans l&rsquo;ann\u00e9e o\u00f9 ils vont recommencer leur \u00e9ducation formelle.<\/li>\n<li>\n<h4>Cas particuliers<\/h4>\n<p>Les demandeurs qui demandent des exemptions \u00e0 ces r\u00e8gles seront consid\u00e9r\u00e9s au cas par cas.<\/li>\n<li>\n<h4>Exception<\/h4>\n<p>Ces bourses ne seront pas accord\u00e9es aux candidats qui s&rsquo;inscrivent au plan de formation des officiers des Forces canadiennes.<\/li>\n<li>\n<h4>Fonds<\/h4>\n<p>Les bourses sont vers\u00e9es \u00e0 l&rsquo;institution \u00e0 laquelle le b\u00e9n\u00e9ficiaire participe.<\/li>\n<\/ol>\n<p>[\/et_pb_text][\/et_pb_column][\/et_pb_row][\/et_pb_section][et_pb_section fb_built=\u00a0\u00bb1&Prime; custom_padding_last_edited=\u00a0\u00bbon|desktop\u00a0\u00bb admin_label=\u00a0\u00bbSection\u00a0\u00bb module_id=\u00a0\u00bbsubmission_deadlines\u00a0\u00bb _builder_version=\u00a0\u00bb3.0.74&Prime; background_color=\u00a0\u00bb#174169&Prime; custom_padding_tablet=\u00a0\u00bb50px|0|50px|0&Prime; transparent_background=\u00a0\u00bboff\u00a0\u00bb padding_mobile=\u00a0\u00bboff\u00a0\u00bb][et_pb_row _builder_version=\u00a0\u00bb3.19.9&Prime;][et_pb_column type=\u00a0\u00bb4_4&Prime; _builder_version=\u00a0\u00bb3.19.9&Prime; parallax=\u00a0\u00bboff\u00a0\u00bb parallax_method=\u00a0\u00bbon\u00a0\u00bb][et_pb_blurb use_icon=\u00a0\u00bbon\u00a0\u00bb icon_color=\u00a0\u00bb#ffffff\u00a0\u00bb background_layout=\u00a0\u00bbdark\u00a0\u00bb _builder_version=\u00a0\u00bb3.19.9&Prime; font_icon=\u00a0\u00bb%%109%%\u00a0\u00bb]<\/p>\n<h3 style=\"text-align: center;\">Date d&rsquo;\u00e9ch\u00e9ance de la demande initiale<\/h3>\n<h1 style=\"text-align: center;\">Le 1 avril<\/h1>\n<p>[\/et_pb_blurb][\/et_pb_column][\/et_pb_row][et_pb_row _builder_version=\u00a0\u00bb3.19.9&Prime;][et_pb_column type=\u00a0\u00bb4_4&Prime; _builder_version=\u00a0\u00bb3.19.9&Prime; parallax=\u00a0\u00bboff\u00a0\u00bb parallax_method=\u00a0\u00bbon\u00a0\u00bb][\/et_pb_column][\/et_pb_row][\/et_pb_section][et_pb_section fb_built=\u00a0\u00bb1&Prime; fullwidth=\u00a0\u00bbon\u00a0\u00bb custom_padding_last_edited=\u00a0\u00bbon|phone\u00a0\u00bb disabled_on=\u00a0\u00bboff||\u00a0\u00bb admin_label=\u00a0\u00bbSection\u00a0\u00bb _builder_version=\u00a0\u00bb3.0.74&Prime; background_color=\u00a0\u00bb#222222&Prime; custom_padding=\u00a0\u00bb0px||0px|\u00a0\u00bb custom_padding_tablet=\u00a0\u00bb50px|0|50px|0&Prime; transparent_background=\u00a0\u00bboff\u00a0\u00bb padding_mobile=\u00a0\u00bboff\u00a0\u00bb global_module=\u00a0\u00bb31791&Prime;][et_pb_fullwidth_menu menu_id=\u00a0\u00bb387&Prime; submenu_direction=\u00a0\u00bbupwards\u00a0\u00bb fullwidth_menu=\u00a0\u00bboff\u00a0\u00bb active_link_color=\u00a0\u00bb#97332c\u00a0\u00bb dropdown_menu_bg_color=\u00a0\u00bb#222222&Prime; dropdown_menu_line_color=\u00a0\u00bb#97332c\u00a0\u00bb dropdown_menu_text_color=\u00a0\u00bb#6b6b6b\u00a0\u00bb disabled_on=\u00a0\u00bbon|off|\u00a0\u00bb admin_label=\u00a0\u00bbFullwidth Menu\u00a0\u00bb _builder_version=\u00a0\u00bb3.0.47&Prime; menu_text_color=\u00a0\u00bb#666666&Prime; menu_font_size=\u00a0\u00bb13px\u00a0\u00bb background_color=\u00a0\u00bb#222&Prime; dropdown_menu_animation=\u00a0\u00bbslide\u00a0\u00bb]<\/p>\n<p>&nbsp;<\/p>\n<p>[\/et_pb_fullwidth_menu][et_pb_fullwidth_header disabled_on=\u00a0\u00bboff|off|off\u00a0\u00bb admin_label=\u00a0\u00bbFullwidth Header\u00a0\u00bb _builder_version=\u00a0\u00bb3.16&Prime; background_color=\u00a0\u00bbrgba(255, 255, 255, 0)\u00a0\u00bb background_layout=\u00a0\u00bblight\u00a0\u00bb custom_css_main_element=\u00a0\u00bb    padding: 1px;||    \/* padding-top:50px; ||    margin-right: -300px;||    margin-top: -50px; *\/||    margin-right: -55px;||    opacity: .5;||\u00a0\u00bb button_one_letter_spacing_hover=\u00a0\u00bb0&Prime; button_two_letter_spacing_hover=\u00a0\u00bb0&Prime; button_one_text_size__hover_enabled=\u00a0\u00bboff\u00a0\u00bb button_two_text_size__hover_enabled=\u00a0\u00bboff\u00a0\u00bb button_one_text_color__hover_enabled=\u00a0\u00bboff\u00a0\u00bb button_two_text_color__hover_enabled=\u00a0\u00bboff\u00a0\u00bb button_one_border_width__hover_enabled=\u00a0\u00bboff\u00a0\u00bb button_two_border_width__hover_enabled=\u00a0\u00bboff\u00a0\u00bb button_one_border_color__hover_enabled=\u00a0\u00bboff\u00a0\u00bb button_two_border_color__hover_enabled=\u00a0\u00bboff\u00a0\u00bb button_one_border_radius__hover_enabled=\u00a0\u00bboff\u00a0\u00bb button_two_border_radius__hover_enabled=\u00a0\u00bboff\u00a0\u00bb button_one_letter_spacing__hover_enabled=\u00a0\u00bbon\u00a0\u00bb button_one_letter_spacing__hover=\u00a0\u00bb0&Prime; button_two_letter_spacing__hover_enabled=\u00a0\u00bbon\u00a0\u00bb button_two_letter_spacing__hover=\u00a0\u00bb0&Prime; button_one_bg_color__hover_enabled=\u00a0\u00bboff\u00a0\u00bb button_two_bg_color__hover_enabled=\u00a0\u00bboff\u00a0\u00bb]<\/p>\n<p><a href=\"http:\/\/www.freepik.com\" style=\"color: #222;\"><img decoding=\"async\" class=\"size-medium wp-image-31798 alignright\" src=\"http:\/\/rcscef.wpengine.com\/wp-content\/uploads\/2017\/05\/freepik_logo_white_ARIAL_fr.png\" alt=\"\" width=\"200\">.<\/a><\/p>\n<p>[\/et_pb_fullwidth_header][\/et_pb_section]<\/p>\n","protected":false},"excerpt":{"rendered":"<p>[et_pb_section fb_built=\u00a0\u00bb1&Prime; custom_padding_last_edited=\u00a0\u00bbon|desktop\u00a0\u00bb admin_label=\u00a0\u00bbsection\u00a0\u00bb _builder_version=\u00a0\u00bb3.19.4&Prime; background_image=\u00a0\u00bbhttp:\/\/canadianseacadetscholarships.ca\/wp-content\/uploads\/2019\/01\/sailor-colored-FREEPIK-filtered-with-background-e1483312909135.png\u00a0\u00bb parallax=\u00a0\u00bbon\u00a0\u00bb parallax_method=\u00a0\u00bboff\u00a0\u00bb custom_padding=\u00a0\u00bb50px|0|50px|0px|false|false\u00a0\u00bb custom_padding_tablet=\u00a0\u00bb50px|0|50px|0&Prime; custom_css_main_element=\u00a0\u00bbbackground-position: 8px 8px;\u00a0\u00bb transparent_background=\u00a0\u00bboff\u00a0\u00bb][et_pb_row make_fullwidth=\u00a0\u00bbon\u00a0\u00bb use_custom_gutter=\u00a0\u00bbon\u00a0\u00bb gutter_width=\u00a0\u00bb1&Prime; custom_padding=\u00a0\u00bb160px||160px|\u00a0\u00bb padding_mobile=\u00a0\u00bboff\u00a0\u00bb column_padding_mobile=\u00a0\u00bbon\u00a0\u00bb parallax_method_1=\u00a0\u00bboff\u00a0\u00bb admin_label=\u00a0\u00bbrow\u00a0\u00bb _builder_version=\u00a0\u00bb3.0.48&Prime; background_size=\u00a0\u00bbinitial\u00a0\u00bb background_position=\u00a0\u00bbtop_left\u00a0\u00bb background_repeat=\u00a0\u00bbrepeat\u00a0\u00bb][et_pb_column type=\u00a0\u00bb4_4&Prime; _builder_version=\u00a0\u00bb3.0.47&Prime; column_padding_mobile=\u00a0\u00bbon\u00a0\u00bb parallax=\u00a0\u00bboff\u00a0\u00bb parallax_method=\u00a0\u00bboff\u00a0\u00bb][et_pb_cta title=\u00a0\u00bbQui peut postuler\u00a0\u00bb admin_label=\u00a0\u00bbCall To Action\u00a0\u00bb _builder_version=\u00a0\u00bb3.16&Prime; header_text_color=\u00a0\u00bb#ffffff\u00a0\u00bb header_font_size=\u00a0\u00bb92&Prime; header_font_size_tablet=\u00a0\u00bb64&Prime; header_font_size_last_edited=\u00a0\u00bbon|desktop\u00a0\u00bb header_line_height=\u00a0\u00bb1.2em\u00a0\u00bb body_text_color=\u00a0\u00bb#dddddd\u00a0\u00bb body_font_size=\u00a0\u00bb52&Prime; body_font_size_tablet=\u00a0\u00bb30&Prime; body_font_size_phone=\u00a0\u00bb25&Prime; body_font_size_last_edited=\u00a0\u00bbon|phone\u00a0\u00bb use_background_color=\u00a0\u00bboff\u00a0\u00bb background_size=\u00a0\u00bbinitial\u00a0\u00bb background_position=\u00a0\u00bbtop_left\u00a0\u00bb background_repeat=\u00a0\u00bbrepeat\u00a0\u00bb use_border_color=\u00a0\u00bboff\u00a0\u00bb border_color=\u00a0\u00bb#ffffff\u00a0\u00bb border_style=\u00a0\u00bbsolid\u00a0\u00bb [&hellip;]<\/p>\n","protected":false},"author":2,"featured_media":-1,"parent":0,"menu_order":0,"comment_status":"closed","ping_status":"closed","template":"","meta":{"_et_pb_use_builder":"on","_et_pb_old_content":"<ul><li>1. Your Letter of Application :<\/li><\/ul><p>This RCSCEF scholarships. Tell us what you want to do, what you have accomplished that you take special pride in, why you thing the program you want to follow and anything else that would help us get a picture of who you are. This letter should be no longer than two typeswritten pages.<\/p><ul><li>2. Your CV or Biography:<\/li><\/ul><p>This is where you show us what you have done. You can do so in paragraph or form form. Tell us what you have done in your community, and with Cadets. What are your hobbies and interests? What jobs have you had? Make sure to tell us about any awards or special that you or the groups that you have been part of have received.<\/p><ul><li>3. Letters of Recommendation:<\/li><\/ul><p>One must come from your Commanding Officer and you must submit a minimum of two additional letters but no more than three other people who know you and feel that you deserve a scholarship.<\/p><p>4. Final Year Mid Term Marks:<\/p><p>This article is a summary of the findings of the Secondary Education Institution. If it is not Clearly Stated on the paper grade your average.<\/p><p>5. TRANSCRIPT OF YOUR FINAL MARKS:<\/p><p>This should be a certified copy of your Provincial Education Ministry. If it is not Clearly Stated on the paper grade your average .<\/p><p>6. COPY OF YOUR CADET CARD INFORMATION:<\/p><p>Your Corps will provide you with up to date copy of your Card for inclusion with your application.<\/p><p>7. LETTER OF ACCEPTANCE OR PROVISIONAL ACCEPTANCE FROM THE INSTITUTION THAT YOU PLAN TO ATTEND:<\/p><p>If you are unable to provide this at the time you make your application, attached an explanation and an indication when you will be able to forward it. It should be received with your final marks no later than August 1.<\/p>","_monsterinsights_skip_tracking":false,"_monsterinsights_sitenote_active":false,"_monsterinsights_sitenote_note":"","_monsterinsights_sitenote_category":0,"footnotes":""},"class_list":["post-31663","page","type-page","status-publish","has-post-thumbnail","hentry"],"_links":{"self":[{"href":"https:\/\/canadianseacadetscholarships.ca\/fr\/wp-json\/wp\/v2\/pages\/31663\/"}],"collection":[{"href":"https:\/\/canadianseacadetscholarships.ca\/fr\/wp-json\/wp\/v2\/pages\/"}],"about":[{"href":"https:\/\/canadianseacadetscholarships.ca\/fr\/wp-json\/wp\/v2\/types\/page\/"}],"author":[{"embeddable":true,"href":"https:\/\/canadianseacadetscholarships.ca\/fr\/wp-json\/wp\/v2\/users\/2\/"}],"replies":[{"embeddable":true,"href":"https:\/\/canadianseacadetscholarships.ca\/fr\/wp-json\/wp\/v2\/comments\/?post=31663"}],"version-history":[{"count":0,"href":"https:\/\/canadianseacadetscholarships.ca\/fr\/wp-json\/wp\/v2\/pages\/31663\/revisions\/"}],"wp:featuredmedia":[{"embeddable":true,"href":"https:\/\/canadianseacadetscholarships.ca\/fr\/wp-json\/"}],"wp:attachment":[{"href":"https:\/\/canadianseacadetscholarships.ca\/fr\/wp-json\/wp\/v2\/media\/?parent=31663"}],"curies":[{"name":"wp","href":"https:\/\/api.w.org\/{rel}","templated":true}]}}