{"id":31662,"date":"2017-02-15T14:29:24","date_gmt":"2017-02-15T19:29:24","guid":{"rendered":"http:\/\/rcscef.wpengine.com\/documents-de-politiques\/"},"modified":"2017-02-22T09:24:03","modified_gmt":"2017-02-22T14:24:03","slug":"documents-de-politiques","status":"publish","type":"page","link":"https:\/\/canadianseacadetscholarships.ca\/fr\/documents-de-politiques\/","title":{"rendered":"Documents de politiques"},"content":{"rendered":"<p>[et_pb_section admin_label=\u00a0\u00bbsection\u00a0\u00bb background_image=\u00a0\u00bbhttp:\/\/rcscef.wpengine.com\/wp-content\/uploads\/2017\/02\/44072-O3VPVP-unattributed-filtered-e1486044338610.jpg\u00a0\u00bb transparent_background=\u00a0\u00bboff\u00a0\u00bb allow_player_pause=\u00a0\u00bboff\u00a0\u00bb inner_shadow=\u00a0\u00bboff\u00a0\u00bb parallax=\u00a0\u00bbon\u00a0\u00bb parallax_method=\u00a0\u00bboff\u00a0\u00bb padding_mobile=\u00a0\u00bboff\u00a0\u00bb make_fullwidth=\u00a0\u00bboff\u00a0\u00bb use_custom_width=\u00a0\u00bboff\u00a0\u00bb width_unit=\u00a0\u00bbon\u00a0\u00bb make_equal=\u00a0\u00bboff\u00a0\u00bb use_custom_gutter=\u00a0\u00bboff\u00a0\u00bb fullwidth=\u00a0\u00bboff\u00a0\u00bb specialty=\u00a0\u00bboff\u00a0\u00bb custom_css_main_element=\u00a0\u00bbbackground-position: 8px 8px;\u00a0\u00bb disabled=\u00a0\u00bboff\u00a0\u00bb][et_pb_row admin_label=\u00a0\u00bbrow\u00a0\u00bb make_fullwidth=\u00a0\u00bbon\u00a0\u00bb use_custom_width=\u00a0\u00bboff\u00a0\u00bb width_unit=\u00a0\u00bbon\u00a0\u00bb custom_width_px=\u00a0\u00bb1080px\u00a0\u00bb custom_width_percent=\u00a0\u00bb80%\u00a0\u00bb use_custom_gutter=\u00a0\u00bbon\u00a0\u00bb gutter_width=\u00a0\u00bb1&Prime; custom_padding=\u00a0\u00bb160px||160px|\u00a0\u00bb padding_mobile=\u00a0\u00bboff\u00a0\u00bb allow_player_pause=\u00a0\u00bboff\u00a0\u00bb parallax=\u00a0\u00bboff\u00a0\u00bb parallax_method=\u00a0\u00bboff\u00a0\u00bb make_equal=\u00a0\u00bboff\u00a0\u00bb column_padding_mobile=\u00a0\u00bbon\u00a0\u00bb parallax_1=\u00a0\u00bboff\u00a0\u00bb parallax_method_1=\u00a0\u00bboff\u00a0\u00bb parallax_2=\u00a0\u00bboff\u00a0\u00bb parallax_method_2=\u00a0\u00bbon\u00a0\u00bb parallax_3=\u00a0\u00bboff\u00a0\u00bb parallax_method_3=\u00a0\u00bbon\u00a0\u00bb parallax_4=\u00a0\u00bboff\u00a0\u00bb parallax_method_4=\u00a0\u00bbon\u00a0\u00bb disabled=\u00a0\u00bboff\u00a0\u00bb][et_pb_column type=\u00a0\u00bb4_4&Prime;][et_pb_cta admin_label=\u00a0\u00bbCall To Action\u00a0\u00bb title=\u00a0\u00bbDocuments de politiques\u00a0\u00bb url_new_window=\u00a0\u00bboff\u00a0\u00bb use_background_color=\u00a0\u00bboff\u00a0\u00bb background_color=\u00a0\u00bb#7EBEC5&Prime; background_layout=\u00a0\u00bbdark\u00a0\u00bb text_orientation=\u00a0\u00bbcenter\u00a0\u00bb header_font_size=\u00a0\u00bb92&Prime; header_font_size_tablet=\u00a0\u00bb64&Prime; header_font_size_last_edited=\u00a0\u00bbon|phone\u00a0\u00bb header_text_color=\u00a0\u00bb#ffffff\u00a0\u00bb header_line_height=\u00a0\u00bb1.2em\u00a0\u00bb body_font_size=\u00a0\u00bb52&Prime; body_text_color=\u00a0\u00bb#dddddd\u00a0\u00bb use_border_color=\u00a0\u00bboff\u00a0\u00bb border_color=\u00a0\u00bb#ffffff\u00a0\u00bb border_style=\u00a0\u00bbsolid\u00a0\u00bb custom_button=\u00a0\u00bboff\u00a0\u00bb button_letter_spacing=\u00a0\u00bb0&Prime; button_use_icon=\u00a0\u00bbdefault\u00a0\u00bb button_icon_placement=\u00a0\u00bbright\u00a0\u00bb button_on_hover=\u00a0\u00bbon\u00a0\u00bb button_letter_spacing_hover=\u00a0\u00bb0&Prime; disabled=\u00a0\u00bboff\u00a0\u00bb body_font_size_tablet=\u00a0\u00bb30&Prime; body_font_size_phone=\u00a0\u00bb25&Prime; body_font_size_last_edited=\u00a0\u00bbon|phone\u00a0\u00bb header_font_size_phone=\u00a0\u00bb60&Prime;] L&rsquo;impression fine<br \/>\n[\/et_pb_cta][\/et_pb_column][\/et_pb_row][\/et_pb_section][et_pb_section admin_label=\u00a0\u00bbSection\u00a0\u00bb transparent_background=\u00a0\u00bboff\u00a0\u00bb allow_player_pause=\u00a0\u00bboff\u00a0\u00bb inner_shadow=\u00a0\u00bboff\u00a0\u00bb parallax=\u00a0\u00bboff\u00a0\u00bb parallax_method=\u00a0\u00bbon\u00a0\u00bb custom_padding=\u00a0\u00bb|50px||50px\u00a0\u00bb custom_padding_tablet=\u00a0\u00bb|0px||0px\u00a0\u00bb padding_mobile=\u00a0\u00bboff\u00a0\u00bb make_fullwidth=\u00a0\u00bboff\u00a0\u00bb use_custom_width=\u00a0\u00bboff\u00a0\u00bb width_unit=\u00a0\u00bboff\u00a0\u00bb custom_width_px=\u00a0\u00bb1080px\u00a0\u00bb custom_width_percent=\u00a0\u00bb80%\u00a0\u00bb make_equal=\u00a0\u00bboff\u00a0\u00bb use_custom_gutter=\u00a0\u00bboff\u00a0\u00bb fullwidth=\u00a0\u00bboff\u00a0\u00bb specialty=\u00a0\u00bboff\u00a0\u00bb custom_padding_last_edited=\u00a0\u00bbon|phone\u00a0\u00bb disabled=\u00a0\u00bboff\u00a0\u00bb][et_pb_row admin_label=\u00a0\u00bbRow\u00a0\u00bb make_fullwidth=\u00a0\u00bboff\u00a0\u00bb use_custom_width=\u00a0\u00bboff\u00a0\u00bb width_unit=\u00a0\u00bboff\u00a0\u00bb custom_width_percent=\u00a0\u00bb75%\u00a0\u00bb use_custom_gutter=\u00a0\u00bbon\u00a0\u00bb gutter_width=\u00a0\u00bb2&Prime; custom_padding=\u00a0\u00bb|||25px\u00a0\u00bb custom_padding_tablet=\u00a0\u00bb|||0px\u00a0\u00bb padding_mobile=\u00a0\u00bboff\u00a0\u00bb allow_player_pause=\u00a0\u00bboff\u00a0\u00bb parallax=\u00a0\u00bboff\u00a0\u00bb parallax_method=\u00a0\u00bbon\u00a0\u00bb make_equal=\u00a0\u00bboff\u00a0\u00bb column_padding_mobile=\u00a0\u00bbon\u00a0\u00bb parallax_1=\u00a0\u00bboff\u00a0\u00bb parallax_method_1=\u00a0\u00bbon\u00a0\u00bb parallax_2=\u00a0\u00bboff\u00a0\u00bb parallax_method_2=\u00a0\u00bbon\u00a0\u00bb parallax_3=\u00a0\u00bboff\u00a0\u00bb parallax_method_3=\u00a0\u00bbon\u00a0\u00bb parallax_4=\u00a0\u00bboff\u00a0\u00bb parallax_method_4=\u00a0\u00bbon\u00a0\u00bb custom_padding_last_edited=\u00a0\u00bbon|phone\u00a0\u00bb disabled=\u00a0\u00bboff\u00a0\u00bb][et_pb_column type=\u00a0\u00bb1_2&Prime;][et_pb_image admin_label=\u00a0\u00bbImage\u00a0\u00bb src=\u00a0\u00bbhttp:\/\/rcscef.wpengine.com\/wp-content\/uploads\/2017\/02\/52412-O7D4GK-unattributed.png\u00a0\u00bb show_in_lightbox=\u00a0\u00bboff\u00a0\u00bb url_new_window=\u00a0\u00bboff\u00a0\u00bb use_overlay=\u00a0\u00bboff\u00a0\u00bb sticky=\u00a0\u00bboff\u00a0\u00bb align=\u00a0\u00bbcenter\u00a0\u00bb force_fullwidth=\u00a0\u00bboff\u00a0\u00bb always_center_on_mobile=\u00a0\u00bbon\u00a0\u00bb max_width_last_edited=\u00a0\u00bboff|desktop\u00a0\u00bb use_border_color=\u00a0\u00bboff\u00a0\u00bb border_color=\u00a0\u00bb#ffffff\u00a0\u00bb border_style=\u00a0\u00bbsolid\u00a0\u00bb disabled=\u00a0\u00bboff\u00a0\u00bb animation=\u00a0\u00bbleft\u00a0\u00bb disabled_on=\u00a0\u00bbon||\u00a0\u00bb]<br \/>\n[\/et_pb_image][\/et_pb_column][et_pb_column type=\u00a0\u00bb1_2&Prime;][et_pb_cta admin_label=\u00a0\u00bbCall To Action &#8211; By-Law 1&Prime; title=\u00a0\u00bbR\u00e8glement no 1&Prime; url_new_window=\u00a0\u00bboff\u00a0\u00bb use_background_color=\u00a0\u00bbon\u00a0\u00bb background_color=\u00a0\u00bb#ffffff\u00a0\u00bb background_layout=\u00a0\u00bblight\u00a0\u00bb text_orientation=\u00a0\u00bbleft\u00a0\u00bb header_font_size_last_edited=\u00a0\u00bboff|phone\u00a0\u00bb header_text_color=\u00a0\u00bb#000000&Prime; body_font=\u00a0\u00bbDroid Sans||||\u00a0\u00bb body_font_size_last_edited=\u00a0\u00bboff|phone\u00a0\u00bb body_text_color=\u00a0\u00bb#959494&Prime; use_border_color=\u00a0\u00bboff\u00a0\u00bb border_color=\u00a0\u00bb#ffffff\u00a0\u00bb border_style=\u00a0\u00bbsolid\u00a0\u00bb custom_margin=\u00a0\u00bb0px|||\u00a0\u00bb custom_padding_tablet=\u00a0\u00bb|0px||0px\u00a0\u00bb custom_padding_last_edited=\u00a0\u00bbon|desktop\u00a0\u00bb custom_button=\u00a0\u00bbon\u00a0\u00bb button_text_color=\u00a0\u00bb#ffffff\u00a0\u00bb button_bg_color=\u00a0\u00bb#97332c\u00a0\u00bb button_border_width=\u00a0\u00bb1px\u00a0\u00bb button_border_radius=\u00a0\u00bb6px\u00a0\u00bb button_letter_spacing=\u00a0\u00bb0&Prime; button_use_icon=\u00a0\u00bbon\u00a0\u00bb button_icon=\u00a0\u00bb%%20%%\u00a0\u00bb button_icon_placement=\u00a0\u00bbright\u00a0\u00bb button_on_hover=\u00a0\u00bbon\u00a0\u00bb button_border_radius_hover=\u00a0\u00bb6px\u00a0\u00bb button_letter_spacing_hover=\u00a0\u00bb1px\u00a0\u00bb disabled=\u00a0\u00bboff\u00a0\u00bb body_line_height_last_edited=\u00a0\u00bbon|phone\u00a0\u00bb body_line_height=\u00a0\u00bb36px\u00a0\u00bb body_line_height_tablet=\u00a0\u00bb24px\u00a0\u00bb body_line_height_phone=\u00a0\u00bb22px\u00a0\u00bb button_url=\u00a0\u00bbhttp:\/\/rcscef.wpengine.com\/wp-content\/uploads\/2017\/01\/RCSCEF_By-law_No_1_-_September_2014_Final.pdf\u00a0\u00bb button_text=\u00a0\u00bbView R\u00e8glement no 1&Prime; custom_padding=\u00a0\u00bb0px|0px||\u00a0\u00bb]<br \/>\nSont couverts dans ce document:<\/p>\n<ul>\n<li>Adh\u00e9sion<\/li>\n<li>Conseil d&rsquo;administration<\/li>\n<li>R\u00e9unions des directeurs<\/li>\n<li>Officiers<\/li>\n<li>Protections<\/li>\n<li>Divulgation d&rsquo;int\u00e9r\u00eats<\/li>\n<li>Ex\u00e9cution de documents, banques et emprunts<\/li>\n<li>Avis<\/li>\n<li>Questions financi\u00e8res<\/li>\n<li>Statuts<\/li>\n<\/ul>\n<p>[\/et_pb_cta][\/et_pb_column][\/et_pb_row][et_pb_row admin_label=\u00a0\u00bbRow\u00a0\u00bb make_fullwidth=\u00a0\u00bboff\u00a0\u00bb use_custom_width=\u00a0\u00bboff\u00a0\u00bb width_unit=\u00a0\u00bboff\u00a0\u00bb custom_width_px=\u00a0\u00bb1080px\u00a0\u00bb custom_width_percent=\u00a0\u00bb75%\u00a0\u00bb use_custom_gutter=\u00a0\u00bbon\u00a0\u00bb gutter_width=\u00a0\u00bb2&Prime; custom_padding=\u00a0\u00bb|||25px\u00a0\u00bb custom_padding_tablet=\u00a0\u00bb|||0px\u00a0\u00bb padding_mobile=\u00a0\u00bboff\u00a0\u00bb allow_player_pause=\u00a0\u00bboff\u00a0\u00bb parallax=\u00a0\u00bboff\u00a0\u00bb parallax_method=\u00a0\u00bbon\u00a0\u00bb make_equal=\u00a0\u00bboff\u00a0\u00bb column_padding_mobile=\u00a0\u00bbon\u00a0\u00bb parallax_1=\u00a0\u00bboff\u00a0\u00bb parallax_method_1=\u00a0\u00bbon\u00a0\u00bb parallax_2=\u00a0\u00bboff\u00a0\u00bb parallax_method_2=\u00a0\u00bbon\u00a0\u00bb parallax_3=\u00a0\u00bboff\u00a0\u00bb parallax_method_3=\u00a0\u00bbon\u00a0\u00bb parallax_4=\u00a0\u00bboff\u00a0\u00bb parallax_method_4=\u00a0\u00bbon\u00a0\u00bb custom_padding_last_edited=\u00a0\u00bbon|phone\u00a0\u00bb disabled=\u00a0\u00bboff\u00a0\u00bb][et_pb_column type=\u00a0\u00bb1_2&Prime;][et_pb_cta admin_label=\u00a0\u00bbCall To Action &#8212; Politique d&rsquo;acceptation des cadeaux\u00a0\u00bb title=\u00a0\u00bbPolitique d&rsquo;acceptation des cadeaux\u00a0\u00bb url_new_window=\u00a0\u00bboff\u00a0\u00bb use_background_color=\u00a0\u00bbon\u00a0\u00bb background_color=\u00a0\u00bb#ffffff\u00a0\u00bb background_layout=\u00a0\u00bblight\u00a0\u00bb text_orientation=\u00a0\u00bbleft\u00a0\u00bb header_font_size_last_edited=\u00a0\u00bboff|phone\u00a0\u00bb header_text_color=\u00a0\u00bb#000000&Prime; body_font=\u00a0\u00bbDroid Sans||||\u00a0\u00bb body_font_size_last_edited=\u00a0\u00bboff|phone\u00a0\u00bb body_text_color=\u00a0\u00bb#959494&Prime; use_border_color=\u00a0\u00bboff\u00a0\u00bb border_color=\u00a0\u00bb#ffffff\u00a0\u00bb border_style=\u00a0\u00bbsolid\u00a0\u00bb custom_margin=\u00a0\u00bb|||\u00a0\u00bb custom_padding_tablet=\u00a0\u00bb|0px||0px\u00a0\u00bb custom_padding_last_edited=\u00a0\u00bbon|phone\u00a0\u00bb custom_button=\u00a0\u00bbon\u00a0\u00bb button_text_color=\u00a0\u00bb#ffffff\u00a0\u00bb button_bg_color=\u00a0\u00bb#97332c\u00a0\u00bb button_border_width=\u00a0\u00bb1px\u00a0\u00bb button_border_radius=\u00a0\u00bb6px\u00a0\u00bb button_letter_spacing=\u00a0\u00bb0&Prime; button_use_icon=\u00a0\u00bbon\u00a0\u00bb button_icon=\u00a0\u00bb%%20%%\u00a0\u00bb button_icon_placement=\u00a0\u00bbright\u00a0\u00bb button_on_hover=\u00a0\u00bbon\u00a0\u00bb button_border_radius_hover=\u00a0\u00bb6px\u00a0\u00bb button_letter_spacing_hover=\u00a0\u00bb1px\u00a0\u00bb disabled=\u00a0\u00bboff\u00a0\u00bb body_line_height_last_edited=\u00a0\u00bbon|phone\u00a0\u00bb body_line_height=\u00a0\u00bb36px\u00a0\u00bb body_line_height_tablet=\u00a0\u00bb24px\u00a0\u00bb body_line_height_phone=\u00a0\u00bb22px\u00a0\u00bb button_url=\u00a0\u00bbhttp:\/\/rcscef.wpengine.com\/wp-content\/uploads\/2017\/01\/Gift_Acceptance_Policy.pdf\u00a0\u00bb button_text=\u00a0\u00bbView Politique d&rsquo;acceptation des cadeaux\u00a0\u00bb]<br \/>\nSont couverts dans ce document:<\/p>\n<ul>\n<li>Objectif et fonctionnement de la Fondation<\/li>\n<li>Principes g\u00e9n\u00e9raux<\/li>\n<li>Cadeaux acceptables<\/li>\n<li>Re\u00e7us<\/li>\n<li>Accus\u00e9 de r\u00e9ception des donateurs<\/li>\n<\/ul>\n<p>[\/et_pb_cta][\/et_pb_column][et_pb_column type=\u00a0\u00bb1_2&Prime;][et_pb_image admin_label=\u00a0\u00bbImage\u00a0\u00bb src=\u00a0\u00bbhttp:\/\/rcscef.wpengine.com\/wp-content\/uploads\/2017\/02\/O9IY141-mortarboard-unattributed.jpg\u00a0\u00bb show_in_lightbox=\u00a0\u00bboff\u00a0\u00bb url_new_window=\u00a0\u00bboff\u00a0\u00bb use_overlay=\u00a0\u00bboff\u00a0\u00bb sticky=\u00a0\u00bboff\u00a0\u00bb align=\u00a0\u00bbcenter\u00a0\u00bb force_fullwidth=\u00a0\u00bboff\u00a0\u00bb always_center_on_mobile=\u00a0\u00bbon\u00a0\u00bb max_width_last_edited=\u00a0\u00bboff|desktop\u00a0\u00bb use_border_color=\u00a0\u00bboff\u00a0\u00bb border_color=\u00a0\u00bb#ffffff\u00a0\u00bb border_style=\u00a0\u00bbsolid\u00a0\u00bb disabled=\u00a0\u00bboff\u00a0\u00bb animation=\u00a0\u00bbleft\u00a0\u00bb disabled_on=\u00a0\u00bbon||\u00a0\u00bb]<br \/>\n[\/et_pb_image][\/et_pb_column][\/et_pb_row][et_pb_row admin_label=\u00a0\u00bbRow\u00a0\u00bb][et_pb_column type=\u00a0\u00bb2_3&Prime;][et_pb_text admin_label=\u00a0\u00bbText\u00a0\u00bb background_layout=\u00a0\u00bblight\u00a0\u00bb text_orientation=\u00a0\u00bbleft\u00a0\u00bb use_border_color=\u00a0\u00bboff\u00a0\u00bb border_color=\u00a0\u00bb#ffffff\u00a0\u00bb border_style=\u00a0\u00bbsolid\u00a0\u00bb text_line_height=\u00a0\u00bb16px\u00a0\u00bb custom_margin=\u00a0\u00bb||0px|\u00a0\u00bb custom_padding=\u00a0\u00bb||0px|\u00a0\u00bb text_font_size=\u00a0\u00bb12&Prime;] S&rsquo;il y a des questiones ou commentaires appropros de site web envoyer \u00e0 <a title=\"\" href=\"mailto:rcscef@rogers.com\" target=\"_self\">rcscef@rogers.com<\/a><\/p>\n<p>Droits d&rsquo;auteur \u00a9 2008 La Fondation pour l&rsquo;education des Cadets de la Marine royale canadienne<\/p>\n<p>Charit\u00e9 inscrite &#8211; Num\u00e9ro de charit\u00e9: 82761 4413 RR 0001<br \/>\n[\/et_pb_text][\/et_pb_column][et_pb_column type=\u00a0\u00bb1_3&Prime;][\/et_pb_column][\/et_pb_row][\/et_pb_section][et_pb_section admin_label=\u00a0\u00bbSection\u00a0\u00bb global_module=\u00a0\u00bb31791&Prime; fullwidth=\u00a0\u00bbon\u00a0\u00bb specialty=\u00a0\u00bboff\u00a0\u00bb transparent_background=\u00a0\u00bboff\u00a0\u00bb background_color=\u00a0\u00bb#222222&Prime; allow_player_pause=\u00a0\u00bboff\u00a0\u00bb inner_shadow=\u00a0\u00bboff\u00a0\u00bb parallax=\u00a0\u00bboff\u00a0\u00bb parallax_method=\u00a0\u00bboff\u00a0\u00bb padding_mobile=\u00a0\u00bboff\u00a0\u00bb make_fullwidth=\u00a0\u00bboff\u00a0\u00bb use_custom_width=\u00a0\u00bboff\u00a0\u00bb width_unit=\u00a0\u00bbon\u00a0\u00bb make_equal=\u00a0\u00bboff\u00a0\u00bb use_custom_gutter=\u00a0\u00bboff\u00a0\u00bb custom_padding=\u00a0\u00bb0px||0px|\u00a0\u00bb disabled=\u00a0\u00bboff\u00a0\u00bb disabled_on=\u00a0\u00bbon||\u00a0\u00bb custom_padding_last_edited=\u00a0\u00bbon|phone\u00a0\u00bb][et_pb_fullwidth_menu global_parent=\u00a0\u00bb31791&Prime; admin_label=\u00a0\u00bbFullwidth Menu\u00a0\u00bb menu_id=\u00a0\u00bb373&Prime; background_color=\u00a0\u00bb#222&Prime; background_layout=\u00a0\u00bblight\u00a0\u00bb text_orientation=\u00a0\u00bbleft\u00a0\u00bb submenu_direction=\u00a0\u00bbupwards\u00a0\u00bb disabled=\u00a0\u00bboff\u00a0\u00bb disabled_on=\u00a0\u00bbon|off|\u00a0\u00bb fullwidth_menu=\u00a0\u00bboff\u00a0\u00bb dropdown_menu_animation=\u00a0\u00bbslide\u00a0\u00bb active_link_color=\u00a0\u00bb#97332c\u00a0\u00bb dropdown_menu_bg_color=\u00a0\u00bb#222222&Prime; dropdown_menu_line_color=\u00a0\u00bb#97332c\u00a0\u00bb dropdown_menu_text_color=\u00a0\u00bb#6b6b6b\u00a0\u00bb menu_text_color=\u00a0\u00bb#666666&Prime; menu_font_size=\u00a0\u00bb13px\u00a0\u00bb]<\/p>\n<p>&nbsp;<\/p>\n<p>[\/et_pb_fullwidth_menu][\/et_pb_section]<\/p>\n","protected":false},"excerpt":{"rendered":"<p>[et_pb_section admin_label=\u00a0\u00bbsection\u00a0\u00bb background_image=\u00a0\u00bbhttp:\/\/rcscef.wpengine.com\/wp-content\/uploads\/2017\/02\/44072-O3VPVP-unattributed-filtered-e1486044338610.jpg\u00a0\u00bb transparent_background=\u00a0\u00bboff\u00a0\u00bb allow_player_pause=\u00a0\u00bboff\u00a0\u00bb inner_shadow=\u00a0\u00bboff\u00a0\u00bb parallax=\u00a0\u00bbon\u00a0\u00bb parallax_method=\u00a0\u00bboff\u00a0\u00bb padding_mobile=\u00a0\u00bboff\u00a0\u00bb make_fullwidth=\u00a0\u00bboff\u00a0\u00bb use_custom_width=\u00a0\u00bboff\u00a0\u00bb width_unit=\u00a0\u00bbon\u00a0\u00bb make_equal=\u00a0\u00bboff\u00a0\u00bb use_custom_gutter=\u00a0\u00bboff\u00a0\u00bb fullwidth=\u00a0\u00bboff\u00a0\u00bb specialty=\u00a0\u00bboff\u00a0\u00bb custom_css_main_element=\u00a0\u00bbbackground-position: 8px 8px;\u00a0\u00bb disabled=\u00a0\u00bboff\u00a0\u00bb][et_pb_row admin_label=\u00a0\u00bbrow\u00a0\u00bb make_fullwidth=\u00a0\u00bbon\u00a0\u00bb use_custom_width=\u00a0\u00bboff\u00a0\u00bb width_unit=\u00a0\u00bbon\u00a0\u00bb custom_width_px=\u00a0\u00bb1080px\u00a0\u00bb custom_width_percent=\u00a0\u00bb80%\u00a0\u00bb use_custom_gutter=\u00a0\u00bbon\u00a0\u00bb gutter_width=\u00a0\u00bb1&Prime; custom_padding=\u00a0\u00bb160px||160px|\u00a0\u00bb padding_mobile=\u00a0\u00bboff\u00a0\u00bb allow_player_pause=\u00a0\u00bboff\u00a0\u00bb parallax=\u00a0\u00bboff\u00a0\u00bb parallax_method=\u00a0\u00bboff\u00a0\u00bb make_equal=\u00a0\u00bboff\u00a0\u00bb column_padding_mobile=\u00a0\u00bbon\u00a0\u00bb parallax_1=\u00a0\u00bboff\u00a0\u00bb parallax_method_1=\u00a0\u00bboff\u00a0\u00bb parallax_2=\u00a0\u00bboff\u00a0\u00bb parallax_method_2=\u00a0\u00bbon\u00a0\u00bb parallax_3=\u00a0\u00bboff\u00a0\u00bb parallax_method_3=\u00a0\u00bbon\u00a0\u00bb parallax_4=\u00a0\u00bboff\u00a0\u00bb parallax_method_4=\u00a0\u00bbon\u00a0\u00bb disabled=\u00a0\u00bboff\u00a0\u00bb][et_pb_column type=\u00a0\u00bb4_4&Prime;][et_pb_cta admin_label=\u00a0\u00bbCall To Action\u00a0\u00bb title=\u00a0\u00bbDocuments de politiques\u00a0\u00bb url_new_window=\u00a0\u00bboff\u00a0\u00bb use_background_color=\u00a0\u00bboff\u00a0\u00bb background_color=\u00a0\u00bb#7EBEC5&Prime; background_layout=\u00a0\u00bbdark\u00a0\u00bb [&hellip;]<\/p>\n","protected":false},"author":2,"featured_media":-1,"parent":0,"menu_order":0,"comment_status":"closed","ping_status":"closed","template":"","meta":{"_et_pb_use_builder":"on","_et_pb_old_content":"<ul><li>1. Your Letter of Application :<\/li><\/ul><p>This RCSCEF scholarships. Tell us what you want to do, what you have accomplished that you take special pride in, why you thing the program you want to follow and anything else that would help us get a picture of who you are. This letter should be no longer than two typeswritten pages.<\/p><ul><li>2. Your CV or Biography:<\/li><\/ul><p>This is where you show us what you have done. You can do so in paragraph or form form. Tell us what you have done in your community, and with Cadets. What are your hobbies and interests? What jobs have you had? Make sure to tell us about any awards or special that you or the groups that you have been part of have received.<\/p><ul><li>3. Letters of Recommendation:<\/li><\/ul><p>One must come from your Commanding Officer and you must submit a minimum of two additional letters but no more than three other people who know you and feel that you deserve a scholarship.<\/p><p>4. Final Year Mid Term Marks:<\/p><p>This article is a summary of the findings of the Secondary Education Institution. If it is not Clearly Stated on the paper grade your average.<\/p><p>5. TRANSCRIPT OF YOUR FINAL MARKS:<\/p><p>This should be a certified copy of your Provincial Education Ministry. If it is not Clearly Stated on the paper grade your average .<\/p><p>6. COPY OF YOUR CADET CARD INFORMATION:<\/p><p>Your Corps will provide you with up to date copy of your Card for inclusion with your application.<\/p><p>7. LETTER OF ACCEPTANCE OR PROVISIONAL ACCEPTANCE FROM THE INSTITUTION THAT YOU PLAN TO ATTEND:<\/p><p>If you are unable to provide this at the time you make your application, attached an explanation and an indication when you will be able to forward it. It should be received with your final marks no later than August 1.<\/p>","_monsterinsights_skip_tracking":false,"_monsterinsights_sitenote_active":false,"_monsterinsights_sitenote_note":"","_monsterinsights_sitenote_category":0,"footnotes":""},"class_list":["post-31662","page","type-page","status-publish","has-post-thumbnail","hentry"],"_links":{"self":[{"href":"https:\/\/canadianseacadetscholarships.ca\/fr\/wp-json\/wp\/v2\/pages\/31662\/"}],"collection":[{"href":"https:\/\/canadianseacadetscholarships.ca\/fr\/wp-json\/wp\/v2\/pages\/"}],"about":[{"href":"https:\/\/canadianseacadetscholarships.ca\/fr\/wp-json\/wp\/v2\/types\/page\/"}],"author":[{"embeddable":true,"href":"https:\/\/canadianseacadetscholarships.ca\/fr\/wp-json\/wp\/v2\/users\/2\/"}],"replies":[{"embeddable":true,"href":"https:\/\/canadianseacadetscholarships.ca\/fr\/wp-json\/wp\/v2\/comments\/?post=31662"}],"version-history":[{"count":0,"href":"https:\/\/canadianseacadetscholarships.ca\/fr\/wp-json\/wp\/v2\/pages\/31662\/revisions\/"}],"wp:featuredmedia":[{"embeddable":true,"href":"https:\/\/canadianseacadetscholarships.ca\/fr\/wp-json\/"}],"wp:attachment":[{"href":"https:\/\/canadianseacadetscholarships.ca\/fr\/wp-json\/wp\/v2\/media\/?parent=31662"}],"curies":[{"name":"wp","href":"https:\/\/api.w.org\/{rel}","templated":true}]}}