{"id":31660,"date":"2017-02-15T14:21:34","date_gmt":"2017-02-15T19:21:34","guid":{"rendered":"http:\/\/rcscef.wpengine.com\/galerie-de-photos\/"},"modified":"2017-02-15T14:21:34","modified_gmt":"2017-02-15T19:21:34","slug":"galerie-de-photos","status":"publish","type":"page","link":"https:\/\/canadianseacadetscholarships.ca\/fr\/galerie-de-photos\/","title":{"rendered":"Galerie de photos"},"content":{"rendered":"<p>[et_pb_section admin_label=\u00a0\u00bbsection\u00a0\u00bb background_image=\u00a0\u00bbhttp:\/\/rcscef.wpengine.com\/wp-content\/uploads\/2016\/12\/selfie-6-unattributed-filtered-e1483814726531.jpg\u00a0\u00bb transparent_background=\u00a0\u00bboff\u00a0\u00bb allow_player_pause=\u00a0\u00bboff\u00a0\u00bb inner_shadow=\u00a0\u00bboff\u00a0\u00bb parallax=\u00a0\u00bbon\u00a0\u00bb parallax_method=\u00a0\u00bboff\u00a0\u00bb padding_mobile=\u00a0\u00bboff\u00a0\u00bb make_fullwidth=\u00a0\u00bboff\u00a0\u00bb use_custom_width=\u00a0\u00bboff\u00a0\u00bb width_unit=\u00a0\u00bbon\u00a0\u00bb make_equal=\u00a0\u00bboff\u00a0\u00bb use_custom_gutter=\u00a0\u00bboff\u00a0\u00bb fullwidth=\u00a0\u00bboff\u00a0\u00bb specialty=\u00a0\u00bboff\u00a0\u00bb custom_css_main_element=\u00a0\u00bbbackground-position: 8px 8px;\u00a0\u00bb disabled=\u00a0\u00bboff\u00a0\u00bb][et_pb_row admin_label=\u00a0\u00bbrow\u00a0\u00bb make_fullwidth=\u00a0\u00bbon\u00a0\u00bb use_custom_width=\u00a0\u00bboff\u00a0\u00bb width_unit=\u00a0\u00bbon\u00a0\u00bb custom_width_px=\u00a0\u00bb1080px\u00a0\u00bb custom_width_percent=\u00a0\u00bb80%\u00a0\u00bb use_custom_gutter=\u00a0\u00bbon\u00a0\u00bb gutter_width=\u00a0\u00bb1&Prime; custom_padding=\u00a0\u00bb160px||160px|\u00a0\u00bb padding_mobile=\u00a0\u00bboff\u00a0\u00bb allow_player_pause=\u00a0\u00bboff\u00a0\u00bb parallax=\u00a0\u00bboff\u00a0\u00bb parallax_method=\u00a0\u00bboff\u00a0\u00bb make_equal=\u00a0\u00bboff\u00a0\u00bb column_padding_mobile=\u00a0\u00bbon\u00a0\u00bb parallax_1=\u00a0\u00bboff\u00a0\u00bb parallax_method_1=\u00a0\u00bboff\u00a0\u00bb parallax_2=\u00a0\u00bboff\u00a0\u00bb parallax_method_2=\u00a0\u00bbon\u00a0\u00bb parallax_3=\u00a0\u00bboff\u00a0\u00bb parallax_method_3=\u00a0\u00bbon\u00a0\u00bb parallax_4=\u00a0\u00bboff\u00a0\u00bb parallax_method_4=\u00a0\u00bbon\u00a0\u00bb disabled=\u00a0\u00bboff\u00a0\u00bb][et_pb_column type=\u00a0\u00bb4_4&Prime;][et_pb_cta admin_label=\u00a0\u00bbCall To Action\u00a0\u00bb title=\u00a0\u00bbGalerie de photos\u00a0\u00bb url_new_window=\u00a0\u00bboff\u00a0\u00bb use_background_color=\u00a0\u00bboff\u00a0\u00bb background_color=\u00a0\u00bb#7EBEC5&Prime; background_layout=\u00a0\u00bbdark\u00a0\u00bb text_orientation=\u00a0\u00bbcenter\u00a0\u00bb header_font=\u00a0\u00bb|on|||\u00a0\u00bb header_font_size=\u00a0\u00bb92&Prime; header_font_size_tablet=\u00a0\u00bb64&Prime; header_font_size_last_edited=\u00a0\u00bbon|desktop\u00a0\u00bb header_text_color=\u00a0\u00bb#ffffff\u00a0\u00bb header_line_height=\u00a0\u00bb1.2em\u00a0\u00bb body_font_size=\u00a0\u00bb52&Prime; body_text_color=\u00a0\u00bb#dddddd\u00a0\u00bb use_border_color=\u00a0\u00bboff\u00a0\u00bb border_color=\u00a0\u00bb#ffffff\u00a0\u00bb border_style=\u00a0\u00bbsolid\u00a0\u00bb custom_button=\u00a0\u00bboff\u00a0\u00bb button_letter_spacing=\u00a0\u00bb0&Prime; button_use_icon=\u00a0\u00bbdefault\u00a0\u00bb button_icon_placement=\u00a0\u00bbright\u00a0\u00bb button_on_hover=\u00a0\u00bbon\u00a0\u00bb button_letter_spacing_hover=\u00a0\u00bb0&Prime; disabled=\u00a0\u00bboff\u00a0\u00bb body_font_size_tablet=\u00a0\u00bb30&Prime; body_font_size_phone=\u00a0\u00bb25&Prime; body_font_size_last_edited=\u00a0\u00bbon|phone\u00a0\u00bb]La Fondation pour l&rsquo;\u00e9ducation des Cadets de la Marine royale canadienne en action[\/et_pb_cta][\/et_pb_column][\/et_pb_row][\/et_pb_section][et_pb_section admin_label=\u00a0\u00bbSection\u00a0\u00bb fullwidth=\u00a0\u00bboff\u00a0\u00bb specialty=\u00a0\u00bboff\u00a0\u00bb transparent_background=\u00a0\u00bboff\u00a0\u00bb allow_player_pause=\u00a0\u00bboff\u00a0\u00bb inner_shadow=\u00a0\u00bboff\u00a0\u00bb parallax=\u00a0\u00bboff\u00a0\u00bb parallax_method=\u00a0\u00bboff\u00a0\u00bb padding_mobile=\u00a0\u00bboff\u00a0\u00bb make_fullwidth=\u00a0\u00bboff\u00a0\u00bb use_custom_width=\u00a0\u00bboff\u00a0\u00bb width_unit=\u00a0\u00bbon\u00a0\u00bb make_equal=\u00a0\u00bboff\u00a0\u00bb use_custom_gutter=\u00a0\u00bboff\u00a0\u00bb background_color=\u00a0\u00bb#fafafa\u00a0\u00bb][et_pb_row admin_label=\u00a0\u00bbRow\u00a0\u00bb make_fullwidth=\u00a0\u00bboff\u00a0\u00bb use_custom_width=\u00a0\u00bboff\u00a0\u00bb width_unit=\u00a0\u00bbon\u00a0\u00bb use_custom_gutter=\u00a0\u00bboff\u00a0\u00bb padding_mobile=\u00a0\u00bboff\u00a0\u00bb allow_player_pause=\u00a0\u00bboff\u00a0\u00bb parallax=\u00a0\u00bboff\u00a0\u00bb parallax_method=\u00a0\u00bboff\u00a0\u00bb make_equal=\u00a0\u00bboff\u00a0\u00bb parallax_1=\u00a0\u00bboff\u00a0\u00bb parallax_method_1=\u00a0\u00bboff\u00a0\u00bb column_padding_mobile=\u00a0\u00bbon\u00a0\u00bb][et_pb_column type=\u00a0\u00bb4_4&Prime;][et_pb_code admin_label=\u00a0\u00bbCode &#8212; gallery &#8212; NOT phone\u00a0\u00bb disabled=\u00a0\u00bboff\u00a0\u00bb disabled_on=\u00a0\u00bbon|off|\u00a0\u00bb]<style>#tlp-team-container-2086668615 .single-team-area .overlay a.detail-popup, #tlp-team-container-2086668615 .contact-info ul li i{color:#174169;}#tlp-team-container-2086668615 .single-team-area .skill-prog .fill,.tlp-team-gal #tlp-team-container-2086668615 .tlp-content, body .tlp-gal-popup-wrap .tlp-gal-popup-navigation-wrap,.tlp-tooltip + .tooltip > .tooltip-inner,.tlp-team-gal .skill-prog .fill,.tlp-team-gal .layout6 .tlp-info-block,.tlp-team-gal .owl-theme .owl-controls .owl-buttons div,.tlp-team-gal .owl-theme .owl-controls .owl-page span{background:#174169;}.tooltip.top .tooltip-arrow{border-top-color:#174169;}.tlp-team-gal .layout6 .tlp-right-arrow:after{border-color: transparent#174169;}.tlp-team-gal .layout6 .tlp-left-arrow:after{border-color:#174169 transparent transparent;}.md-overlay {}.md-content, .md-content > .tlp-md-gal-content-holder .tlp-md-gal-content,.tlp-team-gal .layout12 .single-team-area h3 .team-name,.tlp-team-gal .isotope6 .single-team-area h3 .team-name {background:#174169;}.tlp-team-gal #tlp-team-container-2086668615 .testimonial-excerpt p,.tlp-team-gal #tlp-team-container-2086668615 .overlay .testimonial-excerpt p{}.tlp-team-gal #tlp-team-container-2086668615 .single-team-area .overlay .overlay-element,.tlp-team-gal #tlp-team-container-2086668615 .single-team-area:hover h3,.tlp-team-gal .isotope3 .single-team-area:hover h3,.tlp-team-gal .layout7 figcaption:hover,.tlp-team-gal .isotope4 figcaption:hover, .tlp-team-gal .layout9 .tlp-overlay{padding-top:5%; }<\/style><div class=\"container-fluid\"><div class=\"row-gal tlp-team-gal\"><div class='layout13' id='tlp-team-container-2086668615'><table class='table table-responsive  square-img'>  <tr align=\"center\" class=\"single-team-area\"><td width=\"50%\"; align=\"center\"; style=\"padding:0;\";><div class=\"et_pb_module et-waypoint et_pb_image et_pb_animation_off et_pb_image_0 et_always_center_on_mobile et_pb_has_overlay et-animated\">\n\t\t\t\t<a href=\"https:\/\/canadianseacadetscholarships.ca\/wp-content\/uploads\/2016\/12\/Ratcliffe_Jubilee-1.jpg\" class=\"et_pb_lightbox_image\" title=\"\"><img decoding=\"async\" src=\"https:\/\/canadianseacadetscholarships.ca\/wp-content\/uploads\/2016\/12\/Ratcliffe_Jubilee-1.jpg\" alt=\"\" style=\"width:100%;\">\n\t\t\t\t<span class=\"et_overlay\"><\/span><\/a>\n\t\t\t<\/div><\/td><td width=\"50%\"; align=\"center\"><div ><h2><span class=\"team-name\"><a class=\"tlp-gal-single-item-popup\" data-id=\"31734\" title=\"Jubil\u00e9 Ratcliffe\" href=\"https:\/\/canadianseacadetscholarships.ca\/fr\/galleries\/jubile-ratcliffe\/\">Jubil\u00e9 Ratcliffe<\/a><\/span><\/h2><div class=\"short-bio\">M. Tim Norman, commandant adjoint de la Marine royale du Canada et directeur (Ret.) Tim Porter, pr\u00e9sident - La Fondation canadienne de l'\u00e9ducation des cadets de la Marine royale canadienne pr\u00e9sente au Cdr (Ret.) Richard Ratcliffe un certificat de <\/div><\/div><\/td><\/tr><\/table><\/div><!-- layout --><span class='tlp-gal-team-item-count'><span>31734<\/span><\/span><\/div><!-- tlp-team-gal --><\/div><!-- container -->&lt;!&#8211; [et_pb_line_break_holder] &#8211;&gt;[\/et_pb_code][et_pb_code admin_label=\u00a0\u00bbCode &#8212; gallery &#8212; phone only\u00a0\u00bb disabled=\u00a0\u00bboff\u00a0\u00bb disabled_on=\u00a0\u00bb|on|on\u00a0\u00bb]<style>#tlp-team-container-185809841 .single-team-area .overlay a.detail-popup, #tlp-team-container-185809841 .contact-info ul li i{color:#174169;}#tlp-team-container-185809841 .single-team-area .skill-prog .fill,.tlp-team-gal #tlp-team-container-185809841 .tlp-content, body .tlp-gal-popup-wrap .tlp-gal-popup-navigation-wrap,.tlp-tooltip + .tooltip > .tooltip-inner,.tlp-team-gal .skill-prog .fill,.tlp-team-gal .layout6 .tlp-info-block,.tlp-team-gal .owl-theme .owl-controls .owl-buttons div,.tlp-team-gal .owl-theme .owl-controls .owl-page span{background:#174169;}.tooltip.top .tooltip-arrow{border-top-color:#174169;}.tlp-team-gal .layout6 .tlp-right-arrow:after{border-color: transparent#174169;}.tlp-team-gal .layout6 .tlp-left-arrow:after{border-color:#174169 transparent transparent;}.md-overlay {}.md-content, .md-content > .tlp-md-gal-content-holder .tlp-md-gal-content,.tlp-team-gal .layout12 .single-team-area h3 .team-name,.tlp-team-gal .isotope6 .single-team-area h3 .team-name {background:#174169;}.tlp-team-gal #tlp-team-container-185809841 .testimonial-excerpt p,.tlp-team-gal #tlp-team-container-185809841 .overlay .testimonial-excerpt p{}.tlp-team-gal #tlp-team-container-185809841 .single-team-area .overlay .overlay-element,.tlp-team-gal #tlp-team-container-185809841 .single-team-area:hover h3,.tlp-team-gal .isotope3 .single-team-area:hover h3,.tlp-team-gal .layout7 figcaption:hover,.tlp-team-gal .isotope4 figcaption:hover, .tlp-team-gal .layout9 .tlp-overlay{padding-top:5%; }<\/style><div class=\"container-fluid\"><div class=\"row-gal tlp-team-gal\"><div class='layout13' id='tlp-team-container-185809841'><table class='table table-responsive  square-img'>  <tr align=\"center\" class=\"single-team-area\"><td width=\"100%\"; align=\"center\"; style=\"padding:0;\";><div class=\"et_pb_module et-waypoint et_pb_image et_pb_animation_off et_pb_image_0 et_always_center_on_mobile et_pb_has_overlay et-animated\">\n\t\t\t\t<a href=\"https:\/\/canadianseacadetscholarships.ca\/wp-content\/uploads\/2016\/12\/Ratcliffe_Jubilee-1.jpg\" class=\"et_pb_lightbox_image\" title=\"\"><img decoding=\"async\" src=\"https:\/\/canadianseacadetscholarships.ca\/wp-content\/uploads\/2016\/12\/Ratcliffe_Jubilee-1.jpg\" alt=\"\" style=\"width:100%;\">\n\t\t\t\t<span class=\"et_overlay\"><\/span><\/a>\n\t\t\t<\/div><\/td><td width=\"100%\"; align=\"center\"><div ><h2><span class=\"team-name\"><a class=\"tlp-gal-single-item-popup\" data-id=\"31734\" title=\"Jubil\u00e9 Ratcliffe\" href=\"https:\/\/canadianseacadetscholarships.ca\/fr\/galleries\/jubile-ratcliffe\/\">Jubil\u00e9 Ratcliffe<\/a><\/span><\/h2><div class=\"short-bio\">M. Tim Norman, commandant adjoint de la Marine royale du Canada et directeur (Ret.) Tim Porter, pr\u00e9sident - La Fondation canadienne de l'\u00e9ducation des cadets de la Marine royale canadienne pr\u00e9sente au Cdr (Ret.) Richard Ratcliffe un certificat de service d\u00e9di\u00e9 \u00e0 la Fondation et un M\u00e9daille du jubil\u00e9 de diamant de la Reine.<\/div><\/div><\/td><\/tr><\/table><\/div><!-- layout --><span class='tlp-gal-team-item-count'><span>31734<\/span><\/span><\/div><!-- tlp-team-gal --><\/div><!-- container -->[\/et_pb_code][\/et_pb_column][\/et_pb_row][\/et_pb_section][et_pb_section admin_label=\u00a0\u00bbSection\u00a0\u00bb global_module=\u00a0\u00bb31093&Prime; fullwidth=\u00a0\u00bbon\u00a0\u00bb specialty=\u00a0\u00bboff\u00a0\u00bb transparent_background=\u00a0\u00bboff\u00a0\u00bb background_color=\u00a0\u00bb#222222&Prime; allow_player_pause=\u00a0\u00bboff\u00a0\u00bb inner_shadow=\u00a0\u00bboff\u00a0\u00bb parallax=\u00a0\u00bboff\u00a0\u00bb parallax_method=\u00a0\u00bboff\u00a0\u00bb padding_mobile=\u00a0\u00bboff\u00a0\u00bb make_fullwidth=\u00a0\u00bboff\u00a0\u00bb use_custom_width=\u00a0\u00bboff\u00a0\u00bb width_unit=\u00a0\u00bbon\u00a0\u00bb make_equal=\u00a0\u00bboff\u00a0\u00bb use_custom_gutter=\u00a0\u00bboff\u00a0\u00bb custom_padding=\u00a0\u00bb0px||0px|\u00a0\u00bb disabled=\u00a0\u00bboff\u00a0\u00bb disabled_on=\u00a0\u00bbon||\u00a0\u00bb custom_padding_last_edited=\u00a0\u00bbon|phone\u00a0\u00bb][et_pb_fullwidth_menu global_parent=\u00a0\u00bb31093&Prime; admin_label=\u00a0\u00bbFullwidth Menu\u00a0\u00bb menu_id=\u00a0\u00bb373&Prime; background_color=\u00a0\u00bb#222&Prime; background_layout=\u00a0\u00bblight\u00a0\u00bb text_orientation=\u00a0\u00bbleft\u00a0\u00bb submenu_direction=\u00a0\u00bbupwards\u00a0\u00bb disabled=\u00a0\u00bboff\u00a0\u00bb disabled_on=\u00a0\u00bbon|off|\u00a0\u00bb fullwidth_menu=\u00a0\u00bboff\u00a0\u00bb dropdown_menu_animation=\u00a0\u00bbslide\u00a0\u00bb active_link_color=\u00a0\u00bb#97332c\u00a0\u00bb dropdown_menu_bg_color=\u00a0\u00bb#222222&Prime; dropdown_menu_line_color=\u00a0\u00bb#97332c\u00a0\u00bb dropdown_menu_text_color=\u00a0\u00bb#6b6b6b\u00a0\u00bb menu_text_color=\u00a0\u00bb#666666&Prime;]<br \/>\n[\/et_pb_fullwidth_menu][\/et_pb_section]<\/p>\n","protected":false},"excerpt":{"rendered":"<p>[et_pb_section admin_label=\u00a0\u00bbsection\u00a0\u00bb background_image=\u00a0\u00bbhttp:\/\/rcscef.wpengine.com\/wp-content\/uploads\/2016\/12\/selfie-6-unattributed-filtered-e1483814726531.jpg\u00a0\u00bb transparent_background=\u00a0\u00bboff\u00a0\u00bb allow_player_pause=\u00a0\u00bboff\u00a0\u00bb inner_shadow=\u00a0\u00bboff\u00a0\u00bb parallax=\u00a0\u00bbon\u00a0\u00bb parallax_method=\u00a0\u00bboff\u00a0\u00bb padding_mobile=\u00a0\u00bboff\u00a0\u00bb make_fullwidth=\u00a0\u00bboff\u00a0\u00bb use_custom_width=\u00a0\u00bboff\u00a0\u00bb width_unit=\u00a0\u00bbon\u00a0\u00bb make_equal=\u00a0\u00bboff\u00a0\u00bb use_custom_gutter=\u00a0\u00bboff\u00a0\u00bb fullwidth=\u00a0\u00bboff\u00a0\u00bb specialty=\u00a0\u00bboff\u00a0\u00bb custom_css_main_element=\u00a0\u00bbbackground-position: 8px 8px;\u00a0\u00bb disabled=\u00a0\u00bboff\u00a0\u00bb][et_pb_row admin_label=\u00a0\u00bbrow\u00a0\u00bb make_fullwidth=\u00a0\u00bbon\u00a0\u00bb use_custom_width=\u00a0\u00bboff\u00a0\u00bb width_unit=\u00a0\u00bbon\u00a0\u00bb custom_width_px=\u00a0\u00bb1080px\u00a0\u00bb custom_width_percent=\u00a0\u00bb80%\u00a0\u00bb use_custom_gutter=\u00a0\u00bbon\u00a0\u00bb gutter_width=\u00a0\u00bb1&Prime; custom_padding=\u00a0\u00bb160px||160px|\u00a0\u00bb padding_mobile=\u00a0\u00bboff\u00a0\u00bb allow_player_pause=\u00a0\u00bboff\u00a0\u00bb parallax=\u00a0\u00bboff\u00a0\u00bb parallax_method=\u00a0\u00bboff\u00a0\u00bb make_equal=\u00a0\u00bboff\u00a0\u00bb column_padding_mobile=\u00a0\u00bbon\u00a0\u00bb parallax_1=\u00a0\u00bboff\u00a0\u00bb parallax_method_1=\u00a0\u00bboff\u00a0\u00bb parallax_2=\u00a0\u00bboff\u00a0\u00bb parallax_method_2=\u00a0\u00bbon\u00a0\u00bb parallax_3=\u00a0\u00bboff\u00a0\u00bb parallax_method_3=\u00a0\u00bbon\u00a0\u00bb parallax_4=\u00a0\u00bboff\u00a0\u00bb parallax_method_4=\u00a0\u00bbon\u00a0\u00bb disabled=\u00a0\u00bboff\u00a0\u00bb][et_pb_column type=\u00a0\u00bb4_4&Prime;][et_pb_cta admin_label=\u00a0\u00bbCall To Action\u00a0\u00bb title=\u00a0\u00bbGalerie de photos\u00a0\u00bb url_new_window=\u00a0\u00bboff\u00a0\u00bb use_background_color=\u00a0\u00bboff\u00a0\u00bb background_color=\u00a0\u00bb#7EBEC5&Prime; background_layout=\u00a0\u00bbdark\u00a0\u00bb [&hellip;]<\/p>\n","protected":false},"author":2,"featured_media":-1,"parent":0,"menu_order":0,"comment_status":"closed","ping_status":"closed","template":"","meta":{"_et_pb_use_builder":"on","_et_pb_old_content":"","_monsterinsights_skip_tracking":false,"_monsterinsights_sitenote_active":false,"_monsterinsights_sitenote_note":"","_monsterinsights_sitenote_category":0,"footnotes":""},"class_list":["post-31660","page","type-page","status-publish","has-post-thumbnail","hentry"],"_links":{"self":[{"href":"https:\/\/canadianseacadetscholarships.ca\/fr\/wp-json\/wp\/v2\/pages\/31660\/"}],"collection":[{"href":"https:\/\/canadianseacadetscholarships.ca\/fr\/wp-json\/wp\/v2\/pages\/"}],"about":[{"href":"https:\/\/canadianseacadetscholarships.ca\/fr\/wp-json\/wp\/v2\/types\/page\/"}],"author":[{"embeddable":true,"href":"https:\/\/canadianseacadetscholarships.ca\/fr\/wp-json\/wp\/v2\/users\/2\/"}],"replies":[{"embeddable":true,"href":"https:\/\/canadianseacadetscholarships.ca\/fr\/wp-json\/wp\/v2\/comments\/?post=31660"}],"version-history":[{"count":0,"href":"https:\/\/canadianseacadetscholarships.ca\/fr\/wp-json\/wp\/v2\/pages\/31660\/revisions\/"}],"wp:featuredmedia":[{"embeddable":true,"href":"https:\/\/canadianseacadetscholarships.ca\/fr\/wp-json\/"}],"wp:attachment":[{"href":"https:\/\/canadianseacadetscholarships.ca\/fr\/wp-json\/wp\/v2\/media\/?parent=31660"}],"curies":[{"name":"wp","href":"https:\/\/api.w.org\/{rel}","templated":true}]}}